{"id":1003,"date":"2020-06-08T07:48:13","date_gmt":"2020-06-08T07:48:13","guid":{"rendered":"https:\/\/zeilenenzeilen.nlzeilenenzeilen.nl\/?page_id=1003"},"modified":"2023-02-15T11:06:06","modified_gmt":"2023-02-15T10:06:06","slug":"teambuilding","status":"publish","type":"page","link":"https:\/\/zeilenenzeilen.nl\/de\/teambuilding\/","title":{"rendered":"Teambildung"},"content":{"rendered":"<div data-elementor-type=\"wp-post\" data-elementor-id=\"1003\" class=\"elementor elementor-1003\" data-elementor-post-type=\"page\">\n\t\t\t\t\t\t<section class=\"elementor-section elementor-top-section elementor-element elementor-element-54c6931a elementor-section-content-middle elementor-section-height-min-height elementor-section-items-top elementor-section-stretched elementor-section-boxed elementor-section-height-default\" data-id=\"54c6931a\" data-element_type=\"section\" data-e-type=\"section\" data-settings=\"{&quot;background_background&quot;:&quot;classic&quot;,&quot;stretch_section&quot;:&quot;section-stretched&quot;}\">\n\t\t\t\t\t\t<div class=\"elementor-container elementor-column-gap-wider\">\n\t\t\t\t\t<div class=\"elementor-column elementor-col-50 elementor-top-column elementor-element elementor-element-61d2b643\" data-id=\"61d2b643\" data-element_type=\"column\" data-e-type=\"column\">\n\t\t\t<div class=\"elementor-widget-wrap\">\n\t\t\t\t\t\t\t<\/div>\n\t\t<\/div>\n\t\t\t\t<div class=\"elementor-column elementor-col-50 elementor-top-column elementor-element elementor-element-4e7d0c5a\" data-id=\"4e7d0c5a\" data-element_type=\"column\" data-e-type=\"column\">\n\t\t\t<div class=\"elementor-widget-wrap elementor-element-populated\">\n\t\t\t\t\t\t<div class=\"elementor-element elementor-element-4467a43 elementor-widget elementor-widget-heading\" data-id=\"4467a43\" data-element_type=\"widget\" data-e-type=\"widget\" data-widget_type=\"heading.default\">\n\t\t\t\t<div class=\"elementor-widget-container\">\n\t\t\t\t\t<h2 class=\"elementor-heading-title elementor-size-default\">Alles \u00fcber<\/h2>\t\t\t\t<\/div>\n\t\t\t\t<\/div>\n\t\t\t\t\t<\/div>\n\t\t<\/div>\n\t\t\t\t\t<\/div>\n\t\t<\/section>\n\t\t\t\t<section class=\"elementor-section elementor-top-section elementor-element elementor-element-5462e4c6 elementor-section-stretched elementor-section-content-middle elementor-section-boxed elementor-section-height-default elementor-section-height-default\" data-id=\"5462e4c6\" data-element_type=\"section\" data-e-type=\"section\" data-settings=\"{&quot;stretch_section&quot;:&quot;section-stretched&quot;,&quot;background_background&quot;:&quot;gradient&quot;}\">\n\t\t\t\t\t\t<div class=\"elementor-container elementor-column-gap-wider\">\n\t\t\t\t\t<div class=\"elementor-column elementor-col-100 elementor-top-column elementor-element elementor-element-264c5c0a\" data-id=\"264c5c0a\" data-element_type=\"column\" data-e-type=\"column\" data-settings=\"{&quot;background_background&quot;:&quot;classic&quot;}\">\n\t\t\t<div class=\"elementor-widget-wrap elementor-element-populated\">\n\t\t\t\t\t\t<section class=\"elementor-section elementor-inner-section elementor-element elementor-element-2b202251 elementor-section-boxed elementor-section-height-default elementor-section-height-default\" data-id=\"2b202251\" data-element_type=\"section\" data-e-type=\"section\">\n\t\t\t\t\t\t<div class=\"elementor-container elementor-column-gap-default\">\n\t\t\t\t\t<div class=\"elementor-column elementor-col-50 elementor-inner-column elementor-element elementor-element-3dd7bb33\" data-id=\"3dd7bb33\" data-element_type=\"column\" data-e-type=\"column\">\n\t\t\t<div class=\"elementor-widget-wrap elementor-element-populated\">\n\t\t\t\t\t\t<div class=\"elementor-element elementor-element-48f6a183 elementor-widget elementor-widget-heading\" data-id=\"48f6a183\" data-element_type=\"widget\" data-e-type=\"widget\" data-widget_type=\"heading.default\">\n\t\t\t\t<div class=\"elementor-widget-container\">\n\t\t\t\t\t<h2 class=\"elementor-heading-title elementor-size-default\">Teambuilding: ein neues, frisches Ambiente<\/h2>\t\t\t\t<\/div>\n\t\t\t\t<\/div>\n\t\t\t\t<div class=\"elementor-element elementor-element-416fbe2f elementor-widget elementor-widget-text-editor\" data-id=\"416fbe2f\" data-element_type=\"widget\" data-e-type=\"widget\" data-widget_type=\"text-editor.default\">\n\t\t\t\t<div class=\"elementor-widget-container\">\n\t\t\t\t\t\t\t\t\t<p class=\"translation-block\">Nicht alle Formen der Zusammenarbeit sind vorteilhaft um als Team zusammen zu wachsen. Meist ist die gemeinsame Zeit eines  <a href=\"https:\/\/zeilenenzeilen.nlzeilenenzeilen.nl\/de\/betriebsausfluge\/\" target=\"_self\">Betriebsausfluges<\/a> unter Kolleg*innen oft ausreichend und die Gruppendynamik zu f\u00f6rdernd. Doch wenn sie ihrem Team nicht nur eine sch\u00f6ne Zeit erm\u00f6glichen wollen, sondern auch die Zusammenarbeit ihres Betriebes auf ein ganz neues Niveau heben m\u00f6chten, sind teambildende Ma\u00dfnahmen auf dem Vliegenden Hollander f\u00fcr sie das Richtige. Denn ein gemeinsames Ziel zu bestimmen und zu erreichen, fordert nicht nur den Einzelnen sondern auch die Kooperation des Teams.<\/p><p>F\u00fcr das Teambuilding bietet ein Segelschiff das ideale Umfeld, denn das Ziel wird klar festgelegt und kann nur durch eine gemeinsame Aktivit\u00e4t erreicht werden: Segeln. Der Vliegende Hollander ist so konzipiert, dass alle an Deck gefordert sind und kooperieren m\u00fcssen, um Segel zu setzen, einzuholen und Wendeman\u00f6ver zu fahren.\u00a0<br \/>Im Folgenden erkl\u00e4ren wir, wie je nach Entwicklungsstand des Teams (laut Sozialpsychologe Bruce Tuckman), Teambuilding an Bord des Vliegenden Hollanders eingesetzt kann.<\/p>\t\t\t\t\t\t\t\t<\/div>\n\t\t\t\t<\/div>\n\t\t\t\t\t<\/div>\n\t\t<\/div>\n\t\t\t\t<div class=\"elementor-column elementor-col-50 elementor-inner-column elementor-element elementor-element-69915a01\" data-id=\"69915a01\" data-element_type=\"column\" data-e-type=\"column\">\n\t\t\t<div class=\"elementor-widget-wrap elementor-element-populated\">\n\t\t\t\t\t\t<div class=\"elementor-element elementor-element-1defff9 elementor-widget elementor-widget-image\" data-id=\"1defff9\" data-element_type=\"widget\" data-e-type=\"widget\" data-widget_type=\"image.default\">\n\t\t\t\t<div class=\"elementor-widget-container\">\n\t\t\t\t\t\t\t\t\t\t\t\t\t\t\t<img fetchpriority=\"high\" decoding=\"async\" width=\"1536\" height=\"863\" src=\"https:\/\/zeilenenzeilen.nl\/wp-content\/uploads\/2020\/11\/IMG_5520-1536x863.jpg\" class=\"attachment-1536x1536 size-1536x1536 wp-image-1330\" alt=\"teambuilding\" srcset=\"https:\/\/zeilenenzeilen.nl\/wp-content\/uploads\/2020\/11\/IMG_5520-1536x863.jpg 1536w, https:\/\/zeilenenzeilen.nl\/wp-content\/uploads\/2020\/11\/IMG_5520-scaled.jpg 2048w, https:\/\/zeilenenzeilen.nl\/wp-content\/uploads\/2020\/11\/IMG_5520-16x9.jpg 16w\" sizes=\"(max-width: 1536px) 100vw, 1536px\" \/>\t\t\t\t\t\t\t\t\t\t\t\t\t\t\t<\/div>\n\t\t\t\t<\/div>\n\t\t\t\t\t<\/div>\n\t\t<\/div>\n\t\t\t\t\t<\/div>\n\t\t<\/section>\n\t\t\t\t<section class=\"elementor-section elementor-inner-section elementor-element elementor-element-7ea48106 elementor-section-boxed elementor-section-height-default elementor-section-height-default\" data-id=\"7ea48106\" data-element_type=\"section\" data-e-type=\"section\">\n\t\t\t\t\t\t<div class=\"elementor-container elementor-column-gap-default\">\n\t\t\t\t\t<div class=\"elementor-column elementor-col-100 elementor-inner-column elementor-element elementor-element-4c0fb260\" data-id=\"4c0fb260\" data-element_type=\"column\" data-e-type=\"column\">\n\t\t\t<div class=\"elementor-widget-wrap elementor-element-populated\">\n\t\t\t\t\t\t<div class=\"elementor-element elementor-element-948238e elementor-widget elementor-widget-heading\" data-id=\"948238e\" data-element_type=\"widget\" data-e-type=\"widget\" data-widget_type=\"heading.default\">\n\t\t\t\t<div class=\"elementor-widget-container\">\n\t\t\t\t\t<h2 class=\"elementor-heading-title elementor-size-default\">Tuckmans Teamphasen<\/h2>\t\t\t\t<\/div>\n\t\t\t\t<\/div>\n\t\t\t\t\t<\/div>\n\t\t<\/div>\n\t\t\t\t\t<\/div>\n\t\t<\/section>\n\t\t\t\t<section class=\"elementor-section elementor-inner-section elementor-element elementor-element-b9fa419 elementor-section-boxed elementor-section-height-default elementor-section-height-default\" data-id=\"b9fa419\" data-element_type=\"section\" data-e-type=\"section\">\n\t\t\t\t\t\t<div class=\"elementor-container elementor-column-gap-default\">\n\t\t\t\t\t<div class=\"elementor-column elementor-col-25 elementor-inner-column elementor-element elementor-element-2258908\" data-id=\"2258908\" data-element_type=\"column\" data-e-type=\"column\">\n\t\t\t<div class=\"elementor-widget-wrap elementor-element-populated\">\n\t\t\t\t\t\t<div class=\"elementor-element elementor-element-a9ad046 elementor-view-default elementor-position-block-start elementor-mobile-position-block-start elementor-widget elementor-widget-icon-box\" data-id=\"a9ad046\" data-element_type=\"widget\" data-e-type=\"widget\" data-widget_type=\"icon-box.default\">\n\t\t\t\t<div class=\"elementor-widget-container\">\n\t\t\t\t\t\t\t<div class=\"elementor-icon-box-wrapper\">\n\n\t\t\t\t\t\t<div class=\"elementor-icon-box-icon\">\n\t\t\t\t<span  class=\"elementor-icon\">\n\t\t\t\t<i aria-hidden=\"true\" class=\"fas fa-shapes\"><\/i>\t\t\t\t<\/span>\n\t\t\t<\/div>\n\t\t\t\n\t\t\t\t\t\t<div class=\"elementor-icon-box-content\">\n\n\t\t\t\t\t\t\t\t\t<h3 class=\"elementor-icon-box-title\">\n\t\t\t\t\t\t<span  >\n\t\t\t\t\t\t\tforming\t\t\t\t\t\t<\/span>\n\t\t\t\t\t<\/h3>\n\t\t\t\t\n\t\t\t\t\t\t\t\t\t<p class=\"elementor-icon-box-description\">\n\t\t\t\t\t\tDie Teammitglieder lernen sich kennen und finden ihren Platz in der Gruppe. Das gemeinsame Ziel ist noch nicht f\u00fcr alle deutlich und es wird versucht, Vertrauen aufzubauen, die meisten Teammitglieder sind zur\u00fcckhaltend und abwartend. Teambuilding kann in dieser Phase hilfreich sein. An Bord eines Segelschiffs gibt viele M\u00f6glichkeiten, sich in einer v\u00f6llig anderen Umgebung intensiv kennenzulernen, durch ein gemeinsames Ziel und die sportliche und am\u00fcsante Teamarbeit w\u00e4hrend des Segelns.\t\t\t\t\t<\/p>\n\t\t\t\t\n\t\t\t<\/div>\n\t\t\t\n\t\t<\/div>\n\t\t\t\t\t\t<\/div>\n\t\t\t\t<\/div>\n\t\t\t\t\t<\/div>\n\t\t<\/div>\n\t\t\t\t<div class=\"elementor-column elementor-col-25 elementor-inner-column elementor-element elementor-element-b746971\" data-id=\"b746971\" data-element_type=\"column\" data-e-type=\"column\">\n\t\t\t<div class=\"elementor-widget-wrap elementor-element-populated\">\n\t\t\t\t\t\t<div class=\"elementor-element elementor-element-e8d5dd7 elementor-view-default elementor-position-block-start elementor-mobile-position-block-start elementor-widget elementor-widget-icon-box\" data-id=\"e8d5dd7\" data-element_type=\"widget\" data-e-type=\"widget\" data-widget_type=\"icon-box.default\">\n\t\t\t\t<div class=\"elementor-widget-container\">\n\t\t\t\t\t\t\t<div class=\"elementor-icon-box-wrapper\">\n\n\t\t\t\t\t\t<div class=\"elementor-icon-box-icon\">\n\t\t\t\t<span  class=\"elementor-icon\">\n\t\t\t\t<i aria-hidden=\"true\" class=\"fas fa-bolt\"><\/i>\t\t\t\t<\/span>\n\t\t\t<\/div>\n\t\t\t\n\t\t\t\t\t\t<div class=\"elementor-icon-box-content\">\n\n\t\t\t\t\t\t\t\t\t<h3 class=\"elementor-icon-box-title\">\n\t\t\t\t\t\t<span  >\n\t\t\t\t\t\t\tstorming\t\t\t\t\t\t<\/span>\n\t\t\t\t\t<\/h3>\n\t\t\t\t\n\t\t\t\t\t\t\t\t\t<p class=\"elementor-icon-box-description\">\n\t\t\t\t\t\tDiese zweite Teamphase ist von Meinungsverschiedenheiten und Konflikten gepr\u00e4gt. Dies ist eine zentrale Phase, die von vielen Teams nie erreicht wird, obwohl sie f\u00fcr den Wachstumsprozess dringend notwendig ist. Denn durch diese Phase werden Rollen und Aufgabenteilung klarer und es muss ein Raum geschaffen werden, in dem Kritik ge\u00fcbt und angenommen werden kann. Die Rolle der Teamleitung ist in dieser Phase von wesentlicher Bedeutung und durch das Teambuilding an Bord kann er dabei unterst\u00fctzt werden. Eine Segeltour bedeutet, auf engstem Raum intensiv zusammenzuarbeiten. So werden Irritationen und Konflikte schneller anschaulich und k\u00f6nnen produktiv diskutiert und gesteuert werden.\t\t\t\t\t<\/p>\n\t\t\t\t\n\t\t\t<\/div>\n\t\t\t\n\t\t<\/div>\n\t\t\t\t\t\t<\/div>\n\t\t\t\t<\/div>\n\t\t\t\t\t<\/div>\n\t\t<\/div>\n\t\t\t\t<div class=\"elementor-column elementor-col-25 elementor-inner-column elementor-element elementor-element-f1823e5\" data-id=\"f1823e5\" data-element_type=\"column\" data-e-type=\"column\">\n\t\t\t<div class=\"elementor-widget-wrap elementor-element-populated\">\n\t\t\t\t\t\t<div class=\"elementor-element elementor-element-c71f3ab elementor-view-default elementor-position-block-start elementor-mobile-position-block-start elementor-widget elementor-widget-icon-box\" data-id=\"c71f3ab\" data-element_type=\"widget\" data-e-type=\"widget\" data-widget_type=\"icon-box.default\">\n\t\t\t\t<div class=\"elementor-widget-container\">\n\t\t\t\t\t\t\t<div class=\"elementor-icon-box-wrapper\">\n\n\t\t\t\t\t\t<div class=\"elementor-icon-box-icon\">\n\t\t\t\t<span  class=\"elementor-icon\">\n\t\t\t\t<i aria-hidden=\"true\" class=\"fas fa-lightbulb\"><\/i>\t\t\t\t<\/span>\n\t\t\t<\/div>\n\t\t\t\n\t\t\t\t\t\t<div class=\"elementor-icon-box-content\">\n\n\t\t\t\t\t\t\t\t\t<h3 class=\"elementor-icon-box-title\">\n\t\t\t\t\t\t<span  >\n\t\t\t\t\t\t\tnorming\t\t\t\t\t\t<\/span>\n\t\t\t\t\t<\/h3>\n\t\t\t\t\n\t\t\t\t\t\t\t\t\t<p class=\"elementor-icon-box-description\">\n\t\t\t\t\t\tIn dieser dritten Phase des Teambuildings werden die Regeln f\u00fcr das gemeinsame Arbeiten festgelegt. Die Rollen und Aufgabenverteilung werden klar bestimmt. Dies ist eine wichtige Phase, die durch aufmerksame Koordination und Kooperation erreicht werden kann. Diese Teambildungsphase kann auch an Bord eines Schiffes \u00fcbertragen und ge\u00fcbt werden. Denn durch gemeinsames, effizientes Arbeiten kann der Kurs als Team festgelegt und erreicht werden. \t\t\t\t\t<\/p>\n\t\t\t\t\n\t\t\t<\/div>\n\t\t\t\n\t\t<\/div>\n\t\t\t\t\t\t<\/div>\n\t\t\t\t<\/div>\n\t\t\t\t\t<\/div>\n\t\t<\/div>\n\t\t\t\t<div class=\"elementor-column elementor-col-25 elementor-inner-column elementor-element elementor-element-2690417\" data-id=\"2690417\" data-element_type=\"column\" data-e-type=\"column\">\n\t\t\t<div class=\"elementor-widget-wrap elementor-element-populated\">\n\t\t\t\t\t\t<div class=\"elementor-element elementor-element-16aff2c elementor-view-default elementor-position-block-start elementor-mobile-position-block-start elementor-widget elementor-widget-icon-box\" data-id=\"16aff2c\" data-element_type=\"widget\" data-e-type=\"widget\" data-widget_type=\"icon-box.default\">\n\t\t\t\t<div class=\"elementor-widget-container\">\n\t\t\t\t\t\t\t<div class=\"elementor-icon-box-wrapper\">\n\n\t\t\t\t\t\t<div class=\"elementor-icon-box-icon\">\n\t\t\t\t<span  class=\"elementor-icon\">\n\t\t\t\t<i aria-hidden=\"true\" class=\"fas fa-trophy\"><\/i>\t\t\t\t<\/span>\n\t\t\t<\/div>\n\t\t\t\n\t\t\t\t\t\t<div class=\"elementor-icon-box-content\">\n\n\t\t\t\t\t\t\t\t\t<h3 class=\"elementor-icon-box-title\">\n\t\t\t\t\t\t<span  >\n\t\t\t\t\t\t\tperforming\t\t\t\t\t\t<\/span>\n\t\t\t\t\t<\/h3>\n\t\t\t\t\n\t\t\t\t\t\t\t\t\t<p class=\"elementor-icon-box-description\">\n\t\t\t\t\t\tDie Leistungsphase. Das Team ist aufeinander eingestimmt und kann das tun, wozu es bestimmt ist: schwierige Aufgaben ohne gro\u00dfen Leitungsbedarf bew\u00e4ltigen. In dieser Phase kann es helfen, sich das Ziel und die gemeinsamen Absprachen von Zeit zu Zeit kurz vor Augen zu f\u00fchren. Insbesondere bei langj\u00e4hrigen Teams kann Teambuilding alte Muster hinterfragen und so die Effektivit\u00e4t erh\u00f6hen. Das Team ist bereits eingespielt und kann durch eine Auffrischung oder eine Feinabstimmung der zu erreichenden Ziele fokussierter und effizienter werden. Dar\u00fcber hinaus bietet ein Schiff die M\u00f6glichkeit, das Team in einem anderen Kontext und von einer anderen Seite zu erleben.\t\t\t\t\t<\/p>\n\t\t\t\t\n\t\t\t<\/div>\n\t\t\t\n\t\t<\/div>\n\t\t\t\t\t\t<\/div>\n\t\t\t\t<\/div>\n\t\t\t\t\t<\/div>\n\t\t<\/div>\n\t\t\t\t\t<\/div>\n\t\t<\/section>\n\t\t\t\t<div class=\"elementor-element elementor-element-aa69ce4 elementor-widget elementor-widget-text-editor\" data-id=\"aa69ce4\" data-element_type=\"widget\" data-e-type=\"widget\" data-widget_type=\"text-editor.default\">\n\t\t\t\t<div class=\"elementor-widget-container\">\n\t\t\t\t\t\t\t\t\t<p>Unter Deck \u00fcberzeugt das Schiff durch seine ger\u00e4umige und luxuri\u00f6se Einrichtung, weshalb sich der Tagesraum auch ideal als Konferenzraum nutzen l\u00e4sst. Zus\u00e4tzlich gibt es gen\u00fcgend M\u00f6glichkeiten, die Nacht auf dem Schiff w\u00e4hrend einer mehrt\u00e4gigen Teambuilding-Kurses zu verbringen.<\/p><p>Es besteht die M\u00f6glichkeit, mit ihrem eigenen Programm und Teamleiter \/ Trainer an Bord zu kommen. In Absprache mit dem Skipper passen wir die Reiseroute bestm\u00f6glich an ihr Programm und ihre W\u00fcnsche an.\u00a0<\/p><p>Es besteht auch die Option, ein Komplettpaket einer Teambuilding-Reise zu buchen. Kontaktieren sie uns gerne f\u00fcr weitere Informationen und M\u00f6glichkeiten.<\/p>\t\t\t\t\t\t\t\t<\/div>\n\t\t\t\t<\/div>\n\t\t\t\t\t<\/div>\n\t\t<\/div>\n\t\t\t\t\t<\/div>\n\t\t<\/section>\n\t\t\t\t<section class=\"elementor-section elementor-top-section elementor-element elementor-element-e47a994 elementor-section-content-middle elementor-section-stretched elementor-section-boxed elementor-section-height-default elementor-section-height-default\" data-id=\"e47a994\" data-element_type=\"section\" data-e-type=\"section\" data-settings=\"{&quot;background_background&quot;:&quot;classic&quot;,&quot;stretch_section&quot;:&quot;section-stretched&quot;}\">\n\t\t\t\t\t\t<div class=\"elementor-container elementor-column-gap-wider\">\n\t\t\t\t\t<div class=\"elementor-column elementor-col-100 elementor-top-column elementor-element elementor-element-9720d08\" data-id=\"9720d08\" data-element_type=\"column\" data-e-type=\"column\" data-settings=\"{&quot;background_background&quot;:&quot;classic&quot;}\">\n\t\t\t<div class=\"elementor-widget-wrap elementor-element-populated\">\n\t\t\t\t\t\t<section class=\"elementor-section elementor-inner-section elementor-element elementor-element-254e0ca elementor-section-boxed elementor-section-height-default elementor-section-height-default\" data-id=\"254e0ca\" data-element_type=\"section\" data-e-type=\"section\">\n\t\t\t\t\t\t<div class=\"elementor-container elementor-column-gap-default\">\n\t\t\t\t\t<div class=\"elementor-column elementor-col-50 elementor-inner-column elementor-element elementor-element-93530e4\" data-id=\"93530e4\" data-element_type=\"column\" data-e-type=\"column\">\n\t\t\t<div class=\"elementor-widget-wrap elementor-element-populated\">\n\t\t\t\t\t\t<div class=\"elementor-element elementor-element-ed133eb elementor-widget elementor-widget-image\" data-id=\"ed133eb\" data-element_type=\"widget\" data-e-type=\"widget\" data-widget_type=\"image.default\">\n\t\t\t\t<div class=\"elementor-widget-container\">\n\t\t\t\t\t\t\t\t\t\t\t\t\t\t\t<img decoding=\"async\" width=\"800\" height=\"638\" src=\"https:\/\/zeilenenzeilen.nl\/wp-content\/uploads\/2019\/06\/schipper-1024x817.jpg\" class=\"attachment-large size-large wp-image-933\" alt=\"schipper\" \/>\t\t\t\t\t\t\t\t\t\t\t\t\t\t\t<\/div>\n\t\t\t\t<\/div>\n\t\t\t\t\t<\/div>\n\t\t<\/div>\n\t\t\t\t<div class=\"elementor-column elementor-col-50 elementor-inner-column elementor-element elementor-element-900f3fd\" data-id=\"900f3fd\" data-element_type=\"column\" data-e-type=\"column\">\n\t\t\t<div class=\"elementor-widget-wrap elementor-element-populated\">\n\t\t\t\t\t\t<div class=\"elementor-element elementor-element-5a80e54 elementor-widget elementor-widget-text-editor\" data-id=\"5a80e54\" data-element_type=\"widget\" data-e-type=\"widget\" data-widget_type=\"text-editor.default\">\n\t\t\t\t<div class=\"elementor-widget-container\">\n\t\t\t\t\t\t\t\t\t<p>Skipper Frank van der Schee hat Erfahrungen im Gesundheitswesen und einen Bachelor in Psychologie. Dar\u00fcber hinaus kann er auf jahrelange Erfahrung im Segeln mit verschiedenen Gruppen zur\u00fcckgreifen. Er ist vor allem f\u00fcr die Sicherheit der G\u00e4ste verantwortlich, engagiert sich aber auch gerne f\u00fcr das Teambuilding und versucht, das Segeln passend zum Teambuilding zu koordinieren und abzustimmen.<\/p><p class=\"translation-block\">Arbeiten sie im Bereich des Teambuilding und suchen sie den perfekten Ort oder die perfekte Aktivit\u00e4tf\u00fcrihreArbeit?\nKontaktieren sie Frank van der Schee.<\/p><p class=\"translation-block\">Suchen sie ein kleineres oder gr\u00f6\u00dferes Schiff,<a href=\"https:\/\/zeilenenzeilen.nlzeilen.srv1.impression.nlfrisian-sailing.com\" target=\"_self\" rel=\"noopener\">klicken sie hier<\/a><\/p>\t\t\t\t\t\t\t\t<\/div>\n\t\t\t\t<\/div>\n\t\t\t\t<div class=\"elementor-element elementor-element-c68d030 elementor-widget elementor-widget-image\" data-id=\"c68d030\" data-element_type=\"widget\" data-e-type=\"widget\" data-widget_type=\"image.default\">\n\t\t\t\t<div class=\"elementor-widget-container\">\n\t\t\t\t\t\t\t\t\t\t\t\t\t\t\t<img decoding=\"async\" width=\"640\" height=\"320\" src=\"https:\/\/zeilenenzeilen.nl\/wp-content\/uploads\/2020\/11\/Vliegende-Hollander-dagverblijf.jpg\" class=\"attachment-large size-large wp-image-1286\" alt=\"\" srcset=\"https:\/\/zeilenenzeilen.nl\/wp-content\/uploads\/2020\/11\/Vliegende-Hollander-dagverblijf.jpg 640w, https:\/\/zeilenenzeilen.nl\/wp-content\/uploads\/2020\/11\/Vliegende-Hollander-dagverblijf-16x8.jpg 16w\" sizes=\"(max-width: 640px) 100vw, 640px\" \/>\t\t\t\t\t\t\t\t\t\t\t\t\t\t\t<\/div>\n\t\t\t\t<\/div>\n\t\t\t\t\t<\/div>\n\t\t<\/div>\n\t\t\t\t\t<\/div>\n\t\t<\/section>\n\t\t\t\t\t<\/div>\n\t\t<\/div>\n\t\t\t\t\t<\/div>\n\t\t<\/section>\n\t\t\t\t<\/div>","protected":false},"excerpt":{"rendered":"<p>Alles over Teambuilding: een nieuwe, natuurlijke ambiance Niet alle vormen van samen werken hebben baat bij teambuilding. Je kunt ook gewoon collega&#8217;s zijn en een leuk team-uitje organiseren. Maar soms is er sprake van een gemeenschappelijk doel, wat alleen haalbaar is door als een team samen te werken. Dan kan het nuttig zijn teambuilding in [&hellip;]<\/p>\n","protected":false},"author":1,"featured_media":0,"parent":0,"menu_order":0,"comment_status":"closed","ping_status":"closed","template":"","meta":{"footnotes":""},"class_list":["post-1003","page","type-page","status-publish","hentry"],"_links":{"self":[{"href":"https:\/\/zeilenenzeilen.nl\/de\/wp-json\/wp\/v2\/pages\/1003","targetHints":{"allow":["GET"]}}],"collection":[{"href":"https:\/\/zeilenenzeilen.nl\/de\/wp-json\/wp\/v2\/pages"}],"about":[{"href":"https:\/\/zeilenenzeilen.nl\/de\/wp-json\/wp\/v2\/types\/page"}],"author":[{"embeddable":true,"href":"https:\/\/zeilenenzeilen.nl\/de\/wp-json\/wp\/v2\/users\/1"}],"replies":[{"embeddable":true,"href":"https:\/\/zeilenenzeilen.nl\/de\/wp-json\/wp\/v2\/comments?post=1003"}],"version-history":[{"count":0,"href":"https:\/\/zeilenenzeilen.nl\/de\/wp-json\/wp\/v2\/pages\/1003\/revisions"}],"wp:attachment":[{"href":"https:\/\/zeilenenzeilen.nl\/de\/wp-json\/wp\/v2\/media?parent=1003"}],"curies":[{"name":"wp","href":"https:\/\/api.w.org\/{rel}","templated":true}]}}