{"id":1005,"date":"2020-06-08T07:49:21","date_gmt":"2020-06-08T07:49:21","guid":{"rendered":"https:\/\/zeilenenzeilen.nlzeilenenzeilen.nl\/?page_id=1005"},"modified":"2022-09-14T13:34:39","modified_gmt":"2022-09-14T11:34:39","slug":"adventure-therapy","status":"publish","type":"page","link":"https:\/\/zeilenenzeilen.nl\/de\/adventure-therapy\/","title":{"rendered":"Erlebnisp\u00e4dagogik"},"content":{"rendered":"<div data-elementor-type=\"wp-post\" data-elementor-id=\"1005\" class=\"elementor elementor-1005\" data-elementor-post-type=\"page\">\n\t\t\t\t\t\t<section class=\"elementor-section elementor-top-section elementor-element elementor-element-54c6931a elementor-section-content-middle elementor-section-height-min-height elementor-section-items-top elementor-section-stretched elementor-section-boxed elementor-section-height-default\" data-id=\"54c6931a\" data-element_type=\"section\" data-e-type=\"section\" data-settings=\"{&quot;background_background&quot;:&quot;classic&quot;,&quot;stretch_section&quot;:&quot;section-stretched&quot;}\">\n\t\t\t\t\t\t<div class=\"elementor-container elementor-column-gap-wider\">\n\t\t\t\t\t<div class=\"elementor-column elementor-col-50 elementor-top-column elementor-element elementor-element-61d2b643\" data-id=\"61d2b643\" data-element_type=\"column\" data-e-type=\"column\">\n\t\t\t<div class=\"elementor-widget-wrap\">\n\t\t\t\t\t\t\t<\/div>\n\t\t<\/div>\n\t\t\t\t<div class=\"elementor-column elementor-col-50 elementor-top-column elementor-element elementor-element-4e7d0c5a\" data-id=\"4e7d0c5a\" data-element_type=\"column\" data-e-type=\"column\">\n\t\t\t<div class=\"elementor-widget-wrap elementor-element-populated\">\n\t\t\t\t\t\t<div class=\"elementor-element elementor-element-4467a43 elementor-widget elementor-widget-heading\" data-id=\"4467a43\" data-element_type=\"widget\" data-e-type=\"widget\" data-widget_type=\"heading.default\">\n\t\t\t\t<div class=\"elementor-widget-container\">\n\t\t\t\t\t<h2 class=\"elementor-heading-title elementor-size-default\">Alles \u00fcber<\/h2>\t\t\t\t<\/div>\n\t\t\t\t<\/div>\n\t\t\t\t\t<\/div>\n\t\t<\/div>\n\t\t\t\t\t<\/div>\n\t\t<\/section>\n\t\t\t\t<section class=\"elementor-section elementor-top-section elementor-element elementor-element-5462e4c6 elementor-section-stretched elementor-section-content-middle elementor-section-boxed elementor-section-height-default elementor-section-height-default\" data-id=\"5462e4c6\" data-element_type=\"section\" data-e-type=\"section\" data-settings=\"{&quot;stretch_section&quot;:&quot;section-stretched&quot;,&quot;background_background&quot;:&quot;gradient&quot;}\">\n\t\t\t\t\t\t<div class=\"elementor-container elementor-column-gap-wider\">\n\t\t\t\t\t<div class=\"elementor-column elementor-col-100 elementor-top-column elementor-element elementor-element-264c5c0a\" data-id=\"264c5c0a\" data-element_type=\"column\" data-e-type=\"column\" data-settings=\"{&quot;background_background&quot;:&quot;classic&quot;}\">\n\t\t\t<div class=\"elementor-widget-wrap elementor-element-populated\">\n\t\t\t\t\t\t<div class=\"elementor-element elementor-element-3c466fd elementor-widget elementor-widget-heading\" data-id=\"3c466fd\" data-element_type=\"widget\" data-e-type=\"widget\" data-widget_type=\"heading.default\">\n\t\t\t\t<div class=\"elementor-widget-container\">\n\t\t\t\t\t<h2 class=\"elementor-heading-title elementor-size-default\">Erlebnisp\u00e4dagogik: Ein Schiff und das Meer als neue, abenteuerliche Umgebung\n<\/h2>\t\t\t\t<\/div>\n\t\t\t\t<\/div>\n\t\t\t\t<section class=\"elementor-section elementor-inner-section elementor-element elementor-element-2b202251 elementor-section-boxed elementor-section-height-default elementor-section-height-default\" data-id=\"2b202251\" data-element_type=\"section\" data-e-type=\"section\">\n\t\t\t\t\t\t<div class=\"elementor-container elementor-column-gap-default\">\n\t\t\t\t\t<div class=\"elementor-column elementor-col-50 elementor-inner-column elementor-element elementor-element-3dd7bb33\" data-id=\"3dd7bb33\" data-element_type=\"column\" data-e-type=\"column\">\n\t\t\t<div class=\"elementor-widget-wrap elementor-element-populated\">\n\t\t\t\t\t\t<div class=\"elementor-element elementor-element-416fbe2f elementor-widget elementor-widget-text-editor\" data-id=\"416fbe2f\" data-element_type=\"widget\" data-e-type=\"widget\" data-widget_type=\"text-editor.default\">\n\t\t\t\t<div class=\"elementor-widget-container\">\n\t\t\t\t\t\t\t\t\t<p><em>Das Pfeifen des Windes in den Seilen und das Ger\u00e4usch der M\u00f6we, die mit uns schwimmt. Ich atme noch einmal tief ein, schmecke die salzige Luft und halte mich mit beiden H\u00e4nden an der Schot des Gro\u00dfsegels fest. \"Fertig machen zur Wende!\" ruft der Skipper. Mit vereinten Kr\u00e4ften fangen wir an zu ziehen. Ich sehe buchst\u00e4blich, wie sich der Horizont verschiebt. Wir wenden!<\/em><\/p><p><strong>Brich aus deiner Komfortzone aus!<\/strong><\/p><p>F\u00fcr die meisten Menschen ist ein Schiff keine allt\u00e4gliche Umgebung. Wenn sie ihren Alltag an Land zur\u00fcck lassen, er\u00f6ffnet sich ihnen eine neue Welt. Dutzende Seile kommen von den Masten herunter. Sie sehen P\u00f6ller, verschiedene Arten von Bl\u00f6cken, von denen sie wahrscheinlich den Sinn und Zweck noch nicht kennen. Aber alles hat seinen Nutzen, das werden sie bald herausfinden. Und dann das grenzenlose Meer! So begrenzt der Platz an Bord vielleicht ist, umso gr\u00f6\u00dfer ist das Gef\u00fchl der Freiheit, wenn sie in die endlosen Weiten des Wassers und des Himmels eintauchen.<\/p>\t\t\t\t\t\t\t\t<\/div>\n\t\t\t\t<\/div>\n\t\t\t\t\t<\/div>\n\t\t<\/div>\n\t\t\t\t<div class=\"elementor-column elementor-col-50 elementor-inner-column elementor-element elementor-element-69915a01\" data-id=\"69915a01\" data-element_type=\"column\" data-e-type=\"column\">\n\t\t\t<div class=\"elementor-widget-wrap elementor-element-populated\">\n\t\t\t\t\t\t<div class=\"elementor-element elementor-element-1defff9 elementor-widget elementor-widget-image\" data-id=\"1defff9\" data-element_type=\"widget\" data-e-type=\"widget\" data-widget_type=\"image.default\">\n\t\t\t\t<div class=\"elementor-widget-container\">\n\t\t\t\t\t\t\t\t\t\t\t\t\t\t\t<img fetchpriority=\"high\" decoding=\"async\" width=\"800\" height=\"625\" src=\"https:\/\/zeilenenzeilen.nl\/wp-content\/uploads\/2020\/11\/IMG-20180721-WA0009-1024x800.jpg\" class=\"attachment-large size-large wp-image-1071\" alt=\"nieuwe omgeving adventure therapy\" srcset=\"https:\/\/zeilenenzeilen.nl\/wp-content\/uploads\/2020\/11\/IMG-20180721-WA0009-1024x800.jpg 1024w, https:\/\/zeilenenzeilen.nl\/wp-content\/uploads\/2020\/11\/IMG-20180721-WA0009-16x12.jpg 16w\" sizes=\"(max-width: 800px) 100vw, 800px\" \/>\t\t\t\t\t\t\t\t\t\t\t\t\t\t\t<\/div>\n\t\t\t\t<\/div>\n\t\t\t\t\t<\/div>\n\t\t<\/div>\n\t\t\t\t\t<\/div>\n\t\t<\/section>\n\t\t\t\t<div class=\"elementor-element elementor-element-53b17b8 elementor-widget elementor-widget-text-editor\" data-id=\"53b17b8\" data-element_type=\"widget\" data-e-type=\"widget\" data-widget_type=\"text-editor.default\">\n\t\t\t\t<div class=\"elementor-widget-container\">\n\t\t\t\t\t\t\t\t\t<p><strong>Aktion<\/strong><\/p><p class=\"translation-block\">Tun sie es: Ziehen Sie 540 Quadratmeter Segel von Hand hoch. Daf\u00fcr ben\u00f6tigen sie einiges an geballter Muskelkraft. Und manchmal wird es dann noch ganz sch\u00f6n st\u00fcrmisch auf dem Wasser. Der Skipper und der Matrose haben f\u00fcr alle eine Aufgabe, f\u00fcr diese die Person dann auch verantwortlich ist. Sobald die Segel gesetzt sind, ist Zeit zum Entspannen und Genie\u00dfen, aber auch zum gemeinsamen kochen des Essens oder zum Deck zu schrubben.\nWenn wir am Hafen ankommen, m\u00fcssen die Segel noch eingeholt und Seile aufger\u00e4umt werden. Vielleicht bleibt dann noch Zeit, um in die Takelage zu klettern und die Aussicht vom Kr\u00e4hennest aus von 20 Metern H\u00f6he zu genie\u00dfen?<\/p>\t\t\t\t\t\t\t\t<\/div>\n\t\t\t\t<\/div>\n\t\t\t\t<section class=\"elementor-section elementor-inner-section elementor-element elementor-element-31fbabb elementor-section-boxed elementor-section-height-default elementor-section-height-default\" data-id=\"31fbabb\" data-element_type=\"section\" data-e-type=\"section\">\n\t\t\t\t\t\t<div class=\"elementor-container elementor-column-gap-default\">\n\t\t\t\t\t<div class=\"elementor-column elementor-col-50 elementor-inner-column elementor-element elementor-element-fe4317f\" data-id=\"fe4317f\" data-element_type=\"column\" data-e-type=\"column\">\n\t\t\t<div class=\"elementor-widget-wrap elementor-element-populated\">\n\t\t\t\t\t\t<div class=\"elementor-element elementor-element-e30079b elementor-widget elementor-widget-image\" data-id=\"e30079b\" data-element_type=\"widget\" data-e-type=\"widget\" data-widget_type=\"image.default\">\n\t\t\t\t<div class=\"elementor-widget-container\">\n\t\t\t\t\t\t\t\t\t\t\t\t\t\t\t<img decoding=\"async\" width=\"800\" height=\"625\" src=\"https:\/\/zeilenenzeilen.nl\/wp-content\/uploads\/2020\/11\/IMG-20180721-WA0036-1024x800.jpg\" class=\"attachment-large size-large wp-image-1076\" alt=\"adventure therapy: samenwerking bij het zeilen\" srcset=\"https:\/\/zeilenenzeilen.nl\/wp-content\/uploads\/2020\/11\/IMG-20180721-WA0036-1024x800.jpg 1024w, https:\/\/zeilenenzeilen.nl\/wp-content\/uploads\/2020\/11\/IMG-20180721-WA0036-16x12.jpg 16w\" sizes=\"(max-width: 800px) 100vw, 800px\" \/>\t\t\t\t\t\t\t\t\t\t\t\t\t\t\t<\/div>\n\t\t\t\t<\/div>\n\t\t\t\t\t<\/div>\n\t\t<\/div>\n\t\t\t\t<div class=\"elementor-column elementor-col-50 elementor-inner-column elementor-element elementor-element-c0cea41\" data-id=\"c0cea41\" data-element_type=\"column\" data-e-type=\"column\">\n\t\t\t<div class=\"elementor-widget-wrap elementor-element-populated\">\n\t\t\t\t\t\t<div class=\"elementor-element elementor-element-ed7eca5 elementor-widget elementor-widget-text-editor\" data-id=\"ed7eca5\" data-element_type=\"widget\" data-e-type=\"widget\" data-widget_type=\"text-editor.default\">\n\t\t\t\t<div class=\"elementor-widget-container\">\n\t\t\t\t\t\t\t\t\t<p><strong>Gemeinsam stark<\/strong><\/p><p>Ein Schiff dieser Gr\u00f6\u00dfe alleine zu segeln ist schlicht unm\u00f6glich und auch langweilig. Als Gruppe gemeinsam zu arbeiten ist unerl\u00e4sslich. Denn egal ob gro\u00df oder klein, stark oder schwach, f\u00fcr jeden gibt es die passende Aufgabe. Und diese Aufgaben greifen ineinander. Kooperation ist also Angesagt! \nGemeinsam k\u00f6nne sie das 140 Tonnen schwere Schiff ohne Probleme zu ihrem Zielhafen bewegen. Denn gemeinsam sin sie stark!<\/p><p>\u00a0<\/p><p><strong>Alle im selben Boot<\/strong><\/p><p class=\"translation-block\">Lehrer*innen, P\u00e4dagog*innen, Therapeut*innen, Teilnehmer*innen alle sitzen im selben Boot. Lehrende beteiligen sich aktiv und machen die gleichen Erfahrungen wie alle anderen. Dies schafft einen starken Gruppenzusammenhalt und auch eine starke Verbindung zwischen den Lehrenden und den Teilnehmer*innen. Es bieten sich viele M\u00f6glichkeiten um Dinge zu beobachten und zu entdecken. Vom Hinterdeck aus sind das gesamte Schiff und das Treiben an Bord, gut zu erkennen.<\/p>\t\t\t\t\t\t\t\t<\/div>\n\t\t\t\t<\/div>\n\t\t\t\t\t<\/div>\n\t\t<\/div>\n\t\t\t\t\t<\/div>\n\t\t<\/section>\n\t\t\t\t<section class=\"elementor-section elementor-inner-section elementor-element elementor-element-d191852 elementor-section-boxed elementor-section-height-default elementor-section-height-default\" data-id=\"d191852\" data-element_type=\"section\" data-e-type=\"section\">\n\t\t\t\t\t\t<div class=\"elementor-container elementor-column-gap-default\">\n\t\t\t\t\t<div class=\"elementor-column elementor-col-50 elementor-inner-column elementor-element elementor-element-0cc98cc\" data-id=\"0cc98cc\" data-element_type=\"column\" data-e-type=\"column\">\n\t\t\t<div class=\"elementor-widget-wrap elementor-element-populated\">\n\t\t\t\t\t\t<div class=\"elementor-element elementor-element-b686cbd elementor-widget elementor-widget-text-editor\" data-id=\"b686cbd\" data-element_type=\"widget\" data-e-type=\"widget\" data-widget_type=\"text-editor.default\">\n\t\t\t\t<div class=\"elementor-widget-container\">\n\t\t\t\t\t\t\t\t\t<p><em>Definition Erlebnisp\u00e4dagogik:<\/em><\/p><p>\u201eErlebnisp\u00e4dagogik ist das Einsetzten von Methoden in Verbindung mit einem Erlebnis, innerhalb therapeutischer Rahmenbedingungen. Das Ganze findet in einem Natur nahem Setting statt, in der die Teilnehmer*innen auf kognitiver, affektiver und verhaltensbezogener Ebene sowie k\u00f6rperlich herausgefordert werden, um Rollenmuster zu durchbrechen und neue M\u00f6glichkeiten zu schaffen\u2026\u201c.<\/p><p class=\"translation-block\">Klicken Sie <a href=\"https:\/\/zeilenenzeilen.nlen.wikipedia.org\/wiki\/Adventure_therapy\" target=\"_self\" rel=\"noopener\"> hier<\/a> , um weitere Hintergrundinformationen \u00fcber Erlebnisp\u00e4dagogik zu erhalten.<\/p><p>Als gro\u00dfes Segelschiff bietet De Vliegende Hollander eine einzigartiges Setting f\u00fcr Erlebnisp\u00e4dagogik\/ Erfahrungslernen (AT).<\/p>\t\t\t\t\t\t\t\t<\/div>\n\t\t\t\t<\/div>\n\t\t\t\t\t<\/div>\n\t\t<\/div>\n\t\t\t\t<div class=\"elementor-column elementor-col-50 elementor-inner-column elementor-element elementor-element-5d31dd0\" data-id=\"5d31dd0\" data-element_type=\"column\" data-e-type=\"column\">\n\t\t\t<div class=\"elementor-widget-wrap elementor-element-populated\">\n\t\t\t\t\t\t<div class=\"elementor-element elementor-element-828cdad elementor-widget elementor-widget-image\" data-id=\"828cdad\" data-element_type=\"widget\" data-e-type=\"widget\" data-widget_type=\"image.default\">\n\t\t\t\t<div class=\"elementor-widget-container\">\n\t\t\t\t\t\t\t\t\t\t\t\t\t\t\t<img decoding=\"async\" width=\"800\" height=\"563\" src=\"https:\/\/zeilenenzeilen.nl\/wp-content\/uploads\/2020\/11\/kampvuur-1024x720.jpg\" class=\"attachment-large size-large wp-image-1263\" alt=\"schoolreis\" \/>\t\t\t\t\t\t\t\t\t\t\t\t\t\t\t<\/div>\n\t\t\t\t<\/div>\n\t\t\t\t\t<\/div>\n\t\t<\/div>\n\t\t\t\t\t<\/div>\n\t\t<\/section>\n\t\t\t\t\t<\/div>\n\t\t<\/div>\n\t\t\t\t\t<\/div>\n\t\t<\/section>\n\t\t\t\t<section class=\"elementor-section elementor-top-section elementor-element elementor-element-436ceac5 elementor-section-content-middle elementor-section-stretched elementor-section-boxed elementor-section-height-default elementor-section-height-default\" data-id=\"436ceac5\" data-element_type=\"section\" data-e-type=\"section\" data-settings=\"{&quot;background_background&quot;:&quot;classic&quot;,&quot;stretch_section&quot;:&quot;section-stretched&quot;}\">\n\t\t\t\t\t\t<div class=\"elementor-container elementor-column-gap-wider\">\n\t\t\t\t\t<div class=\"elementor-column elementor-col-100 elementor-top-column elementor-element elementor-element-3a049b5\" data-id=\"3a049b5\" data-element_type=\"column\" data-e-type=\"column\" data-settings=\"{&quot;background_background&quot;:&quot;classic&quot;}\">\n\t\t\t<div class=\"elementor-widget-wrap elementor-element-populated\">\n\t\t\t\t\t\t<section class=\"elementor-section elementor-inner-section elementor-element elementor-element-cf2caa3 elementor-section-boxed elementor-section-height-default elementor-section-height-default\" data-id=\"cf2caa3\" data-element_type=\"section\" data-e-type=\"section\">\n\t\t\t\t\t\t<div class=\"elementor-container elementor-column-gap-default\">\n\t\t\t\t\t<div class=\"elementor-column elementor-col-50 elementor-inner-column elementor-element elementor-element-b2a4515\" data-id=\"b2a4515\" data-element_type=\"column\" data-e-type=\"column\">\n\t\t\t<div class=\"elementor-widget-wrap elementor-element-populated\">\n\t\t\t\t\t\t<div class=\"elementor-element elementor-element-7485722 elementor-widget elementor-widget-image\" data-id=\"7485722\" data-element_type=\"widget\" data-e-type=\"widget\" data-widget_type=\"image.default\">\n\t\t\t\t<div class=\"elementor-widget-container\">\n\t\t\t\t\t\t\t\t\t\t\t\t\t\t\t<img loading=\"lazy\" decoding=\"async\" width=\"800\" height=\"625\" src=\"https:\/\/zeilenenzeilen.nl\/wp-content\/uploads\/2020\/11\/IMG-20180721-WA0031-1024x800.jpg\" class=\"attachment-large size-large wp-image-1074\" alt=\"schipper overlegt de koers\" srcset=\"https:\/\/zeilenenzeilen.nl\/wp-content\/uploads\/2020\/11\/IMG-20180721-WA0031-1024x800.jpg 1024w, https:\/\/zeilenenzeilen.nl\/wp-content\/uploads\/2020\/11\/IMG-20180721-WA0031-16x12.jpg 16w\" sizes=\"(max-width: 800px) 100vw, 800px\" \/>\t\t\t\t\t\t\t\t\t\t\t\t\t\t\t<\/div>\n\t\t\t\t<\/div>\n\t\t\t\t\t<\/div>\n\t\t<\/div>\n\t\t\t\t<div class=\"elementor-column elementor-col-50 elementor-inner-column elementor-element elementor-element-d3ca74e\" data-id=\"d3ca74e\" data-element_type=\"column\" data-e-type=\"column\">\n\t\t\t<div class=\"elementor-widget-wrap elementor-element-populated\">\n\t\t\t\t\t\t<div class=\"elementor-element elementor-element-dc7dc83 elementor-widget elementor-widget-text-editor\" data-id=\"dc7dc83\" data-element_type=\"widget\" data-e-type=\"widget\" data-widget_type=\"text-editor.default\">\n\t\t\t\t<div class=\"elementor-widget-container\">\n\t\t\t\t\t\t\t\t\t<p>Skipper Frank van der Schee hat Erfahrungen im Gesundheitswesen und einen Bachelor in Psychologie. Dar\u00fcber hinaus kann er auf jahrelange Erfahrung im Segeln mit verschiedenen Gruppen zur\u00fcckgreifen. Er ist vor allem f\u00fcr die Sicherheit der G\u00e4ste verantwortlich, engagiert sich aber auch gerne f\u00fcr die therapeutischen, p\u00e4dagogischen Zeile der Gruppe und versucht, das Segeln passend zur Erlebnisp\u00e4dagogik zu koordinieren und abzustimmen.<\/p><p class=\"translation-block\">Arbeiten sie als Trainer*in oder Coach und wenden sie Erlebnisp\u00e4dagogik an? Kommen sie an Bord des Vliegenden Hollanders! Oder kontaktieren Sie Frank van der Schee.<\/p><p class=\"translation-block\">Sind sie Lehrer*in und suchen sie auch nach Gestaltungsm\u00f6glichkeiten f\u00fcr eine Klassenfahrt? Klicken Sie  <a href=\"https:\/\/zeilenenzeilen.nlzeilenenzeilen.nl\/de\/klassenfahrt\/\" target=\"_self\">hier<\/a>.<\/p>\t\t\t\t\t\t\t\t<\/div>\n\t\t\t\t<\/div>\n\t\t\t\t\t<\/div>\n\t\t<\/div>\n\t\t\t\t\t<\/div>\n\t\t<\/section>\n\t\t\t\t\t<\/div>\n\t\t<\/div>\n\t\t\t\t\t<\/div>\n\t\t<\/section>\n\t\t\t\t<\/div>","protected":false},"excerpt":{"rendered":"<p>Alles over Adventure therapy: het schip en de zee als nieuwe, avontuurlijke omgeving Het geluid van de wind in de touwen en de meeuw die met ons mee zweeft. Ik haal nog eens diep adem en proef de zilte lucht, terwijl ik mij met twee handen vast houd aan de schoot van het grootzeil. \u201cKlaar [&hellip;]<\/p>\n","protected":false},"author":1,"featured_media":0,"parent":0,"menu_order":0,"comment_status":"closed","ping_status":"closed","template":"","meta":{"footnotes":""},"class_list":["post-1005","page","type-page","status-publish","hentry"],"_links":{"self":[{"href":"https:\/\/zeilenenzeilen.nl\/de\/wp-json\/wp\/v2\/pages\/1005","targetHints":{"allow":["GET"]}}],"collection":[{"href":"https:\/\/zeilenenzeilen.nl\/de\/wp-json\/wp\/v2\/pages"}],"about":[{"href":"https:\/\/zeilenenzeilen.nl\/de\/wp-json\/wp\/v2\/types\/page"}],"author":[{"embeddable":true,"href":"https:\/\/zeilenenzeilen.nl\/de\/wp-json\/wp\/v2\/users\/1"}],"replies":[{"embeddable":true,"href":"https:\/\/zeilenenzeilen.nl\/de\/wp-json\/wp\/v2\/comments?post=1005"}],"version-history":[{"count":0,"href":"https:\/\/zeilenenzeilen.nl\/de\/wp-json\/wp\/v2\/pages\/1005\/revisions"}],"wp:attachment":[{"href":"https:\/\/zeilenenzeilen.nl\/de\/wp-json\/wp\/v2\/media?parent=1005"}],"curies":[{"name":"wp","href":"https:\/\/api.w.org\/{rel}","templated":true}]}}