{"id":1008,"date":"2020-06-08T07:50:08","date_gmt":"2020-06-08T07:50:08","guid":{"rendered":"https:\/\/zeilenenzeilen.nlzeilenenzeilen.nl\/?page_id=1008"},"modified":"2026-01-09T12:33:50","modified_gmt":"2026-01-09T11:33:50","slug":"zeilen-en-gezondheid","status":"publish","type":"page","link":"https:\/\/zeilenenzeilen.nl\/de\/zeilen-en-gezondheid\/","title":{"rendered":"Segeln und Gesundheit"},"content":{"rendered":"<div data-elementor-type=\"wp-post\" data-elementor-id=\"1008\" class=\"elementor elementor-1008\" data-elementor-post-type=\"page\">\n\t\t\t\t\t\t<section class=\"elementor-section elementor-top-section elementor-element elementor-element-54c6931a elementor-section-content-middle elementor-section-height-min-height elementor-section-items-top elementor-section-stretched elementor-section-boxed elementor-section-height-default\" data-id=\"54c6931a\" data-element_type=\"section\" data-e-type=\"section\" data-settings=\"{&quot;background_background&quot;:&quot;classic&quot;,&quot;stretch_section&quot;:&quot;section-stretched&quot;}\">\n\t\t\t\t\t\t<div class=\"elementor-container elementor-column-gap-wider\">\n\t\t\t\t\t<div class=\"elementor-column elementor-col-50 elementor-top-column elementor-element elementor-element-61d2b643\" data-id=\"61d2b643\" data-element_type=\"column\" data-e-type=\"column\">\n\t\t\t<div class=\"elementor-widget-wrap\">\n\t\t\t\t\t\t\t<\/div>\n\t\t<\/div>\n\t\t\t\t<div class=\"elementor-column elementor-col-50 elementor-top-column elementor-element elementor-element-4e7d0c5a\" data-id=\"4e7d0c5a\" data-element_type=\"column\" data-e-type=\"column\">\n\t\t\t<div class=\"elementor-widget-wrap elementor-element-populated\">\n\t\t\t\t\t\t<div class=\"elementor-element elementor-element-4467a43 elementor-widget elementor-widget-heading\" data-id=\"4467a43\" data-element_type=\"widget\" data-e-type=\"widget\" data-widget_type=\"heading.default\">\n\t\t\t\t<div class=\"elementor-widget-container\">\n\t\t\t\t\t<h2 class=\"elementor-heading-title elementor-size-default\">Segeln und Gesundheit<\/h2>\t\t\t\t<\/div>\n\t\t\t\t<\/div>\n\t\t\t\t\t<\/div>\n\t\t<\/div>\n\t\t\t\t\t<\/div>\n\t\t<\/section>\n\t\t\t\t<section class=\"elementor-section elementor-top-section elementor-element elementor-element-5462e4c6 elementor-section-stretched elementor-section-content-middle elementor-section-boxed elementor-section-height-default elementor-section-height-default\" data-id=\"5462e4c6\" data-element_type=\"section\" data-e-type=\"section\" data-settings=\"{&quot;stretch_section&quot;:&quot;section-stretched&quot;,&quot;background_background&quot;:&quot;gradient&quot;}\">\n\t\t\t\t\t\t<div class=\"elementor-container elementor-column-gap-wider\">\n\t\t\t\t\t<div class=\"elementor-column elementor-col-100 elementor-top-column elementor-element elementor-element-264c5c0a\" data-id=\"264c5c0a\" data-element_type=\"column\" data-e-type=\"column\" data-settings=\"{&quot;background_background&quot;:&quot;classic&quot;}\">\n\t\t\t<div class=\"elementor-widget-wrap elementor-element-populated\">\n\t\t\t\t\t\t<section class=\"elementor-section elementor-inner-section elementor-element elementor-element-2b202251 elementor-section-boxed elementor-section-height-default elementor-section-height-default\" data-id=\"2b202251\" data-element_type=\"section\" data-e-type=\"section\">\n\t\t\t\t\t\t<div class=\"elementor-container elementor-column-gap-default\">\n\t\t\t\t\t<div class=\"elementor-column elementor-col-50 elementor-inner-column elementor-element elementor-element-3dd7bb33\" data-id=\"3dd7bb33\" data-element_type=\"column\" data-e-type=\"column\">\n\t\t\t<div class=\"elementor-widget-wrap elementor-element-populated\">\n\t\t\t\t\t\t<div class=\"elementor-element elementor-element-48f6a183 elementor-widget elementor-widget-heading\" data-id=\"48f6a183\" data-element_type=\"widget\" data-e-type=\"widget\" data-widget_type=\"heading.default\">\n\t\t\t\t<div class=\"elementor-widget-container\">\n\t\t\t\t\t<h2 class=\"elementor-heading-title elementor-size-default\">Back to Basic: die positiven Auswirkungen der Natur auf ihre Gesundheit<\/h2>\t\t\t\t<\/div>\n\t\t\t\t<\/div>\n\t\t\t\t<div class=\"elementor-element elementor-element-416fbe2f elementor-widget elementor-widget-text-editor\" data-id=\"416fbe2f\" data-element_type=\"widget\" data-e-type=\"widget\" data-widget_type=\"text-editor.default\">\n\t\t\t\t<div class=\"elementor-widget-container\">\n\t\t\t\t\t\t\t\t\t<p class=\"translation-block\">Ein Spaziergang durch den Wald oder ein Hauch frischer Meeresbrise. Es ist nichts neues, das die Natur gut f\u00fcr ihre Gesundheit ist. Das wissen wir schon lange: Intuitiv erholen und entspannen sie sich in der Natur. Es wurden auch zahlreiche <a href=\"https:\/\/zeilenenzeilen.nlzeilen.srv1.impression.nlwww.agnesvandenberg.nl\/\" target=\"_self\" rel=\"noopener\">wissenschaftliche Untersuchungen <\/a> zum Einfluss der Natur durchgef\u00fchrt, und die positiven Auswirkungen auf das Immunsystem, das Gl\u00fccksgef\u00fchl und das seelische Wohlbefinden.<\/p><p>Es ist nicht nur die frische Luft und Bewegung, die gut f\u00fcr Ihre Gesundheit ist, sondern es hat auch etwas mit dem bewussten Erleben der Natur zu tun. Evolutionspsycholog*innen zufolge haben Menschen eine besondere Beziehung zur Natur, weil sie selbst Teil davon sind und weil sie den gr\u00f6\u00dften Teil ihrer Geschichte in einer nat\u00fcrlichen Umgebung gelebt haben. Wann immer diese Verbindung zur Natur best\u00e4tigt oder gest\u00e4rkt wird, ist es gesund und tut uns gut.<\/p>\t\t\t\t\t\t\t\t<\/div>\n\t\t\t\t<\/div>\n\t\t\t\t\t<\/div>\n\t\t<\/div>\n\t\t\t\t<div class=\"elementor-column elementor-col-50 elementor-inner-column elementor-element elementor-element-69915a01\" data-id=\"69915a01\" data-element_type=\"column\" data-e-type=\"column\">\n\t\t\t<div class=\"elementor-widget-wrap elementor-element-populated\">\n\t\t\t\t\t\t<div class=\"elementor-element elementor-element-1defff9 elementor-widget elementor-widget-image\" data-id=\"1defff9\" data-element_type=\"widget\" data-e-type=\"widget\" data-widget_type=\"image.default\">\n\t\t\t\t<div class=\"elementor-widget-container\">\n\t\t\t\t\t\t\t\t\t\t\t\t\t\t\t<img fetchpriority=\"high\" decoding=\"async\" width=\"300\" height=\"300\" src=\"https:\/\/zeilenenzeilen.nl\/wp-content\/uploads\/2020\/11\/IMG_20171103_162554-300x300.jpg\" class=\"attachment-medium size-medium wp-image-1334\" alt=\"Fractale beelden zijn goed voor je gezondheid\" srcset=\"https:\/\/zeilenenzeilen.nl\/wp-content\/uploads\/2020\/11\/IMG_20171103_162554-300x300.jpg 300w, https:\/\/zeilenenzeilen.nl\/wp-content\/uploads\/2020\/11\/IMG_20171103_162554-1024x1024.jpg 1024w, https:\/\/zeilenenzeilen.nl\/wp-content\/uploads\/2020\/11\/IMG_20171103_162554-150x150.jpg 150w, https:\/\/zeilenenzeilen.nl\/wp-content\/uploads\/2020\/11\/IMG_20171103_162554-768x768.jpg 768w\" sizes=\"(max-width: 300px) 100vw, 300px\" \/>\t\t\t\t\t\t\t\t\t\t\t\t\t\t\t<\/div>\n\t\t\t\t<\/div>\n\t\t\t\t\t<\/div>\n\t\t<\/div>\n\t\t\t\t\t<\/div>\n\t\t<\/section>\n\t\t\t\t<section class=\"elementor-section elementor-inner-section elementor-element elementor-element-1e8c289 elementor-section-boxed elementor-section-height-default elementor-section-height-default\" data-id=\"1e8c289\" data-element_type=\"section\" data-e-type=\"section\">\n\t\t\t\t\t\t<div class=\"elementor-container elementor-column-gap-default\">\n\t\t\t\t\t<div class=\"elementor-column elementor-col-50 elementor-inner-column elementor-element elementor-element-f701f22\" data-id=\"f701f22\" data-element_type=\"column\" data-e-type=\"column\">\n\t\t\t<div class=\"elementor-widget-wrap elementor-element-populated\">\n\t\t\t\t\t\t<div class=\"elementor-element elementor-element-50f05b3 elementor-widget elementor-widget-image\" data-id=\"50f05b3\" data-element_type=\"widget\" data-e-type=\"widget\" data-widget_type=\"image.default\">\n\t\t\t\t<div class=\"elementor-widget-container\">\n\t\t\t\t\t\t\t\t\t\t\t\t\t\t\t<img decoding=\"async\" width=\"300\" height=\"300\" src=\"https:\/\/zeilenenzeilen.nl\/wp-content\/uploads\/2020\/11\/IMG_20171101_151510_resized_20171106_015937785-300x300.jpg\" class=\"attachment-medium size-medium wp-image-1328\" alt=\"\" srcset=\"https:\/\/zeilenenzeilen.nl\/wp-content\/uploads\/2020\/11\/IMG_20171101_151510_resized_20171106_015937785-300x300.jpg 300w, https:\/\/zeilenenzeilen.nl\/wp-content\/uploads\/2020\/11\/IMG_20171101_151510_resized_20171106_015937785-1024x1024.jpg 1024w, https:\/\/zeilenenzeilen.nl\/wp-content\/uploads\/2020\/11\/IMG_20171101_151510_resized_20171106_015937785-150x150.jpg 150w, https:\/\/zeilenenzeilen.nl\/wp-content\/uploads\/2020\/11\/IMG_20171101_151510_resized_20171106_015937785-768x768.jpg 768w\" sizes=\"(max-width: 300px) 100vw, 300px\" \/>\t\t\t\t\t\t\t\t\t\t\t\t\t\t\t<\/div>\n\t\t\t\t<\/div>\n\t\t\t\t<div class=\"elementor-element elementor-element-04eaacc elementor-widget elementor-widget-text-editor\" data-id=\"04eaacc\" data-element_type=\"widget\" data-e-type=\"widget\" data-widget_type=\"text-editor.default\">\n\t\t\t\t<div class=\"elementor-widget-container\">\n\t\t\t\t\t\t\t\t\t<p class=\"translation-block\">Und schlie\u00dflich das Segeln selbst. Wenn sie die nat\u00fcrlichen Antriebskr\u00e4fte wie den Wind und die Str\u00f6mung nutzen, und sich mit einem Segelschiff mitten in der Natur befinden, f\u00fchlen sie sich der Natur sehr nahe. Der Alltag verschwindet und die Ruhe gibt ihnen ein gutes Gef\u00fchl. Diese Symbolik, wenn das Schiff die K\u00fcste des Bekannten verl\u00e4sst und auf das Unbekannte zusteuert, ist atemberaubend. \nUnd all das erleben wir gemeinsam, denn nur gemeinsam l\u00e4sst sich dieses gro\u00dfe Schiff in den richtigen Hafen steuern.<\/p>\t\t\t\t\t\t\t\t<\/div>\n\t\t\t\t<\/div>\n\t\t\t\t\t<\/div>\n\t\t<\/div>\n\t\t\t\t<div class=\"elementor-column elementor-col-50 elementor-inner-column elementor-element elementor-element-2ade358\" data-id=\"2ade358\" data-element_type=\"column\" data-e-type=\"column\">\n\t\t\t<div class=\"elementor-widget-wrap elementor-element-populated\">\n\t\t\t\t\t\t<div class=\"elementor-element elementor-element-e145da7 elementor-widget elementor-widget-text-editor\" data-id=\"e145da7\" data-element_type=\"widget\" data-e-type=\"widget\" data-widget_type=\"text-editor.default\">\n\t\t\t\t<div class=\"elementor-widget-container\">\n\t\t\t\t\t\t\t\t\t<p>Untersuchungen zeigen, dass die Natur eine ganz eigene Sprache hat. Der Hauptunterschied zwischen nat\u00fcrlichen und k\u00fcnstlichen Objekten liegt in den fraktalen Mustern. Es geht um die Idee, dass sich Formen wiederholen: Wenn man einen Blumenkohl vergr\u00f6\u00dfert, sieht man trotzdem wieder einen Blumenkohl. Diese Muster lassen sich auch beim Segeln erkennen: am Strand, in den Wellen, im Wattenmeer und im au\u00dfergew\u00f6hnlichen Wolkenhimmel. Formen wie diese ziehen uns magisch an, ohne kognitive Anstrengungen zu erfordern, dies wirkt beruhigend und Stress mildernd.<\/p><p>Und kann so die Genesung positiv unterst\u00fctzen und eine tiefere Verbindung zum eigenen Wohlbefinden schaffen.<\/p>\t\t\t\t\t\t\t\t<\/div>\n\t\t\t\t<\/div>\n\t\t\t\t<div class=\"elementor-element elementor-element-91ce331 elementor-widget elementor-widget-image\" data-id=\"91ce331\" data-element_type=\"widget\" data-e-type=\"widget\" data-widget_type=\"image.default\">\n\t\t\t\t<div class=\"elementor-widget-container\">\n\t\t\t\t\t\t\t\t\t\t\t\t\t\t\t<img decoding=\"async\" width=\"1200\" height=\"800\" src=\"https:\/\/zeilenenzeilen.nl\/wp-content\/uploads\/2020\/11\/IMG-20180721-WA0009.jpg\" class=\"attachment-full size-full wp-image-1071\" alt=\"nieuwe omgeving adventure therapy\" srcset=\"https:\/\/zeilenenzeilen.nl\/wp-content\/uploads\/2020\/11\/IMG-20180721-WA0009.jpg 1200w, https:\/\/zeilenenzeilen.nl\/wp-content\/uploads\/2020\/11\/IMG-20180721-WA0009-16x12.jpg 16w\" sizes=\"(max-width: 1200px) 100vw, 1200px\" \/>\t\t\t\t\t\t\t\t\t\t\t\t\t\t\t<\/div>\n\t\t\t\t<\/div>\n\t\t\t\t\t<\/div>\n\t\t<\/div>\n\t\t\t\t\t<\/div>\n\t\t<\/section>\n\t\t\t\t<section class=\"elementor-section elementor-inner-section elementor-element elementor-element-7ea48106 elementor-section-boxed elementor-section-height-default elementor-section-height-default\" data-id=\"7ea48106\" data-element_type=\"section\" data-e-type=\"section\">\n\t\t\t\t\t\t<div class=\"elementor-container elementor-column-gap-default\">\n\t\t\t\t\t<div class=\"elementor-column elementor-col-100 elementor-inner-column elementor-element elementor-element-4c0fb260\" data-id=\"4c0fb260\" data-element_type=\"column\" data-e-type=\"column\">\n\t\t\t<div class=\"elementor-widget-wrap elementor-element-populated\">\n\t\t\t\t\t\t<div class=\"elementor-element elementor-element-948238e elementor-widget elementor-widget-heading\" data-id=\"948238e\" data-element_type=\"widget\" data-e-type=\"widget\" data-widget_type=\"heading.default\">\n\t\t\t\t<div class=\"elementor-widget-container\">\n\t\t\t\t\t<h2 class=\"elementor-heading-title elementor-size-default\">\n\nRuhe und Weite, eine nat\u00fcrliche Atmosph\u00e4re<\/h2>\t\t\t\t<\/div>\n\t\t\t\t<\/div>\n\t\t\t\t\t<\/div>\n\t\t<\/div>\n\t\t\t\t\t<\/div>\n\t\t<\/section>\n\t\t\t\t<section class=\"elementor-section elementor-inner-section elementor-element elementor-element-b9fa419 elementor-section-boxed elementor-section-height-default elementor-section-height-default\" data-id=\"b9fa419\" data-element_type=\"section\" data-e-type=\"section\">\n\t\t\t\t\t\t<div class=\"elementor-container elementor-column-gap-default\">\n\t\t\t\t\t<div class=\"elementor-column elementor-col-25 elementor-inner-column elementor-element elementor-element-2258908\" data-id=\"2258908\" data-element_type=\"column\" data-e-type=\"column\">\n\t\t\t<div class=\"elementor-widget-wrap elementor-element-populated\">\n\t\t\t\t\t\t<div class=\"elementor-element elementor-element-a9ad046 elementor-view-default elementor-position-block-start elementor-mobile-position-block-start elementor-widget elementor-widget-icon-box\" data-id=\"a9ad046\" data-element_type=\"widget\" data-e-type=\"widget\" data-widget_type=\"icon-box.default\">\n\t\t\t\t<div class=\"elementor-widget-container\">\n\t\t\t\t\t\t\t<div class=\"elementor-icon-box-wrapper\">\n\n\t\t\t\t\t\t<div class=\"elementor-icon-box-icon\">\n\t\t\t\t<span  class=\"elementor-icon\">\n\t\t\t\t<i aria-hidden=\"true\" class=\"fas fa-heart\"><\/i>\t\t\t\t<\/span>\n\t\t\t<\/div>\n\t\t\t\n\t\t\t\t\t\t<div class=\"elementor-icon-box-content\">\n\n\t\t\t\t\t\t\t\t\t<h3 class=\"elementor-icon-box-title\">\n\t\t\t\t\t\t<span  >\n\t\t\t\t\t\t\tYoga\t\t\t\t\t\t<\/span>\n\t\t\t\t\t<\/h3>\n\t\t\t\t\n\t\t\t\t\t\t\t\t\t<p class=\"elementor-icon-box-description\">\n\t\t\t\t\t\tYoga und Segeln, ein flie\u00dfender \u00dcbergang. Ziel dieses Arrangements ist es, so viel Zeit wie m\u00f6glich in der Natur zu verbringen. Abseits der Hektik des Alltags. Go with the Flow. Yoga-\u00dcbungen drau\u00dfen auf dem ger\u00e4umigen Deck, w\u00e4hrend das Schiff ruhig auf Kurs bleibt. Genie\u00dfen Sie ein Wochenende mit Segeln, Essen, Yoga und Meditation. Ein Verw\u00f6hnen der eigenen Gesundheit!\t\t\t\t\t<\/p>\n\t\t\t\t\n\t\t\t<\/div>\n\t\t\t\n\t\t<\/div>\n\t\t\t\t\t\t<\/div>\n\t\t\t\t<\/div>\n\t\t\t\t\t<\/div>\n\t\t<\/div>\n\t\t\t\t<div class=\"elementor-column elementor-col-25 elementor-inner-column elementor-element elementor-element-b746971\" data-id=\"b746971\" data-element_type=\"column\" data-e-type=\"column\">\n\t\t\t<div class=\"elementor-widget-wrap elementor-element-populated\">\n\t\t\t\t\t\t<div class=\"elementor-element elementor-element-e8d5dd7 elementor-view-default elementor-position-block-start elementor-mobile-position-block-start elementor-widget elementor-widget-icon-box\" data-id=\"e8d5dd7\" data-element_type=\"widget\" data-e-type=\"widget\" data-widget_type=\"icon-box.default\">\n\t\t\t\t<div class=\"elementor-widget-container\">\n\t\t\t\t\t\t\t<div class=\"elementor-icon-box-wrapper\">\n\n\t\t\t\t\t\t<div class=\"elementor-icon-box-icon\">\n\t\t\t\t<span  class=\"elementor-icon\">\n\t\t\t\t<i aria-hidden=\"true\" class=\"fas fa-brain\"><\/i>\t\t\t\t<\/span>\n\t\t\t<\/div>\n\t\t\t\n\t\t\t\t\t\t<div class=\"elementor-icon-box-content\">\n\n\t\t\t\t\t\t\t\t\t<h3 class=\"elementor-icon-box-title\">\n\t\t\t\t\t\t<span  >\n\t\t\t\t\t\t\tAchtsamkeit\t\t\t\t\t\t<\/span>\n\t\t\t\t\t<\/h3>\n\t\t\t\t\n\t\t\t\t\t\t\t\t\t<p class=\"elementor-icon-box-description\">\n\t\t\t\t\t\tDie Sinne schulen und den Moment genie\u00dfen. Segeln ist das Leben im Jetzt. Eine Wochenendtour kann perfekt mit einem Achtsamkeitsseminar kombiniert werden: ein abwechslungsreiches Programm mit inspirierenden (individuellen) Aufgaben, gegenseitigen Gespr\u00e4chen und Achtsamkeitsmeditationen.\t\t\t\t\t<\/p>\n\t\t\t\t\n\t\t\t<\/div>\n\t\t\t\n\t\t<\/div>\n\t\t\t\t\t\t<\/div>\n\t\t\t\t<\/div>\n\t\t\t\t\t<\/div>\n\t\t<\/div>\n\t\t\t\t<div class=\"elementor-column elementor-col-25 elementor-inner-column elementor-element elementor-element-f1823e5\" data-id=\"f1823e5\" data-element_type=\"column\" data-e-type=\"column\">\n\t\t\t<div class=\"elementor-widget-wrap elementor-element-populated\">\n\t\t\t\t\t\t<div class=\"elementor-element elementor-element-c71f3ab elementor-view-default elementor-position-block-start elementor-mobile-position-block-start elementor-widget elementor-widget-icon-box\" data-id=\"c71f3ab\" data-element_type=\"widget\" data-e-type=\"widget\" data-widget_type=\"icon-box.default\">\n\t\t\t\t<div class=\"elementor-widget-container\">\n\t\t\t\t\t\t\t<div class=\"elementor-icon-box-wrapper\">\n\n\t\t\t\t\t\t<div class=\"elementor-icon-box-icon\">\n\t\t\t\t<span  class=\"elementor-icon\">\n\t\t\t\t<i aria-hidden=\"true\" class=\"fas fa-hospital\"><\/i>\t\t\t\t<\/span>\n\t\t\t<\/div>\n\t\t\t\n\t\t\t\t\t\t<div class=\"elementor-icon-box-content\">\n\n\t\t\t\t\t\t\t\t\t<h3 class=\"elementor-icon-box-title\">\n\t\t\t\t\t\t<span  >\n\t\t\t\t\t\t\tBurnout\t\t\t\t\t\t<\/span>\n\t\t\t\t\t<\/h3>\n\t\t\t\t\n\t\t\t\t\t\t\t\t\t<p class=\"elementor-icon-box-description\">\n\t\t\t\t\t\tNach drau\u00dfen zu gehen kann die Erholung von einem Burnout unterst\u00fctzen. Beim Segeln bewegt sich die gesamte Gruppe auf eine Art, die f\u00fcr die meisten neu ist. Durch Gespr\u00e4che mit erfahrenen Coaches lernen sie, pers\u00f6nliche Muster zu erkennen und die gesunde Kontrolle \u00fcber ihr eigenes Leben wieder zu erlangen.\t\t\t\t\t<\/p>\n\t\t\t\t\n\t\t\t<\/div>\n\t\t\t\n\t\t<\/div>\n\t\t\t\t\t\t<\/div>\n\t\t\t\t<\/div>\n\t\t\t\t\t<\/div>\n\t\t<\/div>\n\t\t\t\t<div class=\"elementor-column elementor-col-25 elementor-inner-column elementor-element elementor-element-2690417\" data-id=\"2690417\" data-element_type=\"column\" data-e-type=\"column\">\n\t\t\t<div class=\"elementor-widget-wrap elementor-element-populated\">\n\t\t\t\t\t\t<div class=\"elementor-element elementor-element-16aff2c elementor-view-default elementor-position-block-start elementor-mobile-position-block-start elementor-widget elementor-widget-icon-box\" data-id=\"16aff2c\" data-element_type=\"widget\" data-e-type=\"widget\" data-widget_type=\"icon-box.default\">\n\t\t\t\t<div class=\"elementor-widget-container\">\n\t\t\t\t\t\t\t<div class=\"elementor-icon-box-wrapper\">\n\n\t\t\t\t\t\t<div class=\"elementor-icon-box-icon\">\n\t\t\t\t<a href=\"http:\/\/volgjekompas.nl\" target=\"_blank\" class=\"elementor-icon\" tabindex=\"-1\" aria-label=\"coaching\" rel=\"noopener\">\n\t\t\t\t<i aria-hidden=\"true\" class=\"fas fa-hands-helping\"><\/i>\t\t\t\t<\/a>\n\t\t\t<\/div>\n\t\t\t\n\t\t\t\t\t\t<div class=\"elementor-icon-box-content\">\n\n\t\t\t\t\t\t\t\t\t<h3 class=\"elementor-icon-box-title\">\n\t\t\t\t\t\t<a href=\"http:\/\/volgjekompas.nl\" target=\"_blank\" rel=\"noopener\">\n\t\t\t\t\t\t\tcoaching\t\t\t\t\t\t<\/a>\n\t\t\t\t\t<\/h3>\n\t\t\t\t\n\t\t\t\t\t\t\t\t\t<p class=\"elementor-icon-box-description\">\n\t\t\t\t\t\tHet roer om. Neem de ruimte voor jezelf. Stap even in een andere wereld, zonder deadlines en beeldschermen om na te denken wat je echt belangrijk vindt. Welke koers wil je varen? Waar liggen jouw talenten? Hoe neem je zelf het roer in handen? Verdiepende gesprekken aan boord van een historisch zeilschip.\nMeer informatie? volgjekompas.nl\t\t\t\t\t<\/p>\n\t\t\t\t\n\t\t\t<\/div>\n\t\t\t\n\t\t<\/div>\n\t\t\t\t\t\t<\/div>\n\t\t\t\t<\/div>\n\t\t\t\t\t<\/div>\n\t\t<\/div>\n\t\t\t\t\t<\/div>\n\t\t<\/section>\n\t\t\t\t<div class=\"elementor-element elementor-element-aa69ce4 elementor-widget elementor-widget-text-editor\" data-id=\"aa69ce4\" data-element_type=\"widget\" data-e-type=\"widget\" data-widget_type=\"text-editor.default\">\n\t\t\t\t<div class=\"elementor-widget-container\">\n\t\t\t\t\t\t\t\t\t<p class=\"p1 translation-block\" style=\"text-align: center;\"><span class=\"s1\">Es gibt noch viel mehr M\u00f6glichkeiten um intensive Themen oder therapeutischen Elemente<br> mit einem Segelt\u00f6rn zu verbinden.<\/span><\/p><p style=\"text-align: center;\">Skipper Frank van der Schee hat Erfahrungen im Gesundheitswesen und einen Bachelor in Psychologie. Dar\u00fcber hinaus kann er auf jahrelange Erfahrung im Segeln mit verschiedenen Gruppen zur\u00fcckgreifen. Er ist vor allem f\u00fcr die Sicherheit der G\u00e4ste verantwortlich, engagiert sich aber auch gerne die therapeutischen, p\u00e4dagogischen Ziel der Gruppe und versucht, das Segeln passend zum Thema Gesundheit zu koordinieren und abzustimmen.<\/p><p style=\"text-align: center;\" class=\"translation-block\">Arbeiten Sie als Trainer, Coach oder Therapeut und m\u00f6chten sie die Inspiration nutzen, die eine neue, nat\u00fcrliche Umgebung bieten kann?\n<br>Kommen sie an Bord des Vliegenden Hollanders!<\/p><p style=\"text-align: center;\">M\u00f6chten sie an ihrer Gesundheit arbeiten und gef\u00e4llt ihnen das Schiff? Kontaktieren sie sich an Frank van der Schee.<\/p>\t\t\t\t\t\t\t\t<\/div>\n\t\t\t\t<\/div>\n\t\t\t\t\t<\/div>\n\t\t<\/div>\n\t\t\t\t\t<\/div>\n\t\t<\/section>\n\t\t\t\t<\/div>","protected":false},"excerpt":{"rendered":"<p>Zeilen en gezondheid Back to basic: de positieve werking van de natuur op je gezondheid Een wandeling door het bos of even uitwaaien aan de zee. Dat de natuur goed is voor je gezondheid, is geen nieuw idee. Intu\u00eftief weten we dat al lang: herstellen en tot rust komen doe je in de natuur. Er [&hellip;]<\/p>\n","protected":false},"author":1,"featured_media":0,"parent":0,"menu_order":0,"comment_status":"closed","ping_status":"closed","template":"","meta":{"footnotes":""},"class_list":["post-1008","page","type-page","status-publish","hentry"],"_links":{"self":[{"href":"https:\/\/zeilenenzeilen.nl\/de\/wp-json\/wp\/v2\/pages\/1008","targetHints":{"allow":["GET"]}}],"collection":[{"href":"https:\/\/zeilenenzeilen.nl\/de\/wp-json\/wp\/v2\/pages"}],"about":[{"href":"https:\/\/zeilenenzeilen.nl\/de\/wp-json\/wp\/v2\/types\/page"}],"author":[{"embeddable":true,"href":"https:\/\/zeilenenzeilen.nl\/de\/wp-json\/wp\/v2\/users\/1"}],"replies":[{"embeddable":true,"href":"https:\/\/zeilenenzeilen.nl\/de\/wp-json\/wp\/v2\/comments?post=1008"}],"version-history":[{"count":4,"href":"https:\/\/zeilenenzeilen.nl\/de\/wp-json\/wp\/v2\/pages\/1008\/revisions"}],"predecessor-version":[{"id":4499,"href":"https:\/\/zeilenenzeilen.nl\/de\/wp-json\/wp\/v2\/pages\/1008\/revisions\/4499"}],"wp:attachment":[{"href":"https:\/\/zeilenenzeilen.nl\/de\/wp-json\/wp\/v2\/media?parent=1008"}],"curies":[{"name":"wp","href":"https:\/\/api.w.org\/{rel}","templated":true}]}}