{"id":276,"date":"2019-01-29T15:30:03","date_gmt":"2019-01-29T15:30:03","guid":{"rendered":"https:\/\/zeilenenzeilen.nlzeilenenzeilen.nl\/?page_id=276"},"modified":"2022-09-14T13:38:08","modified_gmt":"2022-09-14T11:38:08","slug":"info-boeken","status":"publish","type":"page","link":"https:\/\/zeilenenzeilen.nl\/de\/info-boeken\/","title":{"rendered":"Info &amp; buchen"},"content":{"rendered":"<div data-elementor-type=\"wp-post\" data-elementor-id=\"276\" class=\"elementor elementor-276\" data-elementor-post-type=\"page\">\n\t\t\t\t\t\t<section class=\"elementor-section elementor-top-section elementor-element elementor-element-de20baa elementor-section-content-middle elementor-section-height-min-height elementor-section-items-top elementor-section-stretched elementor-section-boxed elementor-section-height-default\" data-id=\"de20baa\" data-element_type=\"section\" data-e-type=\"section\" data-settings=\"{&quot;background_background&quot;:&quot;classic&quot;,&quot;stretch_section&quot;:&quot;section-stretched&quot;}\">\n\t\t\t\t\t\t<div class=\"elementor-container elementor-column-gap-wider\">\n\t\t\t\t\t<div class=\"elementor-column elementor-col-50 elementor-top-column elementor-element elementor-element-8dafa73\" data-id=\"8dafa73\" data-element_type=\"column\" data-e-type=\"column\">\n\t\t\t<div class=\"elementor-widget-wrap\">\n\t\t\t\t\t\t\t<\/div>\n\t\t<\/div>\n\t\t\t\t<div class=\"elementor-column elementor-col-50 elementor-top-column elementor-element elementor-element-ba724dd\" data-id=\"ba724dd\" data-element_type=\"column\" data-e-type=\"column\">\n\t\t\t<div class=\"elementor-widget-wrap elementor-element-populated\">\n\t\t\t\t\t\t<div class=\"elementor-element elementor-element-9287e74 elementor-widget elementor-widget-heading\" data-id=\"9287e74\" data-element_type=\"widget\" data-e-type=\"widget\" data-widget_type=\"heading.default\">\n\t\t\t\t<div class=\"elementor-widget-container\">\n\t\t\t\t\t<h2 class=\"elementor-heading-title elementor-size-default\">Angebote<\/h2>\t\t\t\t<\/div>\n\t\t\t\t<\/div>\n\t\t\t\t\t<\/div>\n\t\t<\/div>\n\t\t\t\t\t<\/div>\n\t\t<\/section>\n\t\t\t\t<section class=\"elementor-section elementor-top-section elementor-element elementor-element-189019a elementor-section-stretched elementor-section-content-middle arrangement elementor-section-boxed elementor-section-height-default elementor-section-height-default\" data-id=\"189019a\" data-element_type=\"section\" data-e-type=\"section\" data-settings=\"{&quot;stretch_section&quot;:&quot;section-stretched&quot;,&quot;background_background&quot;:&quot;gradient&quot;}\">\n\t\t\t\t\t\t\t<div class=\"elementor-background-overlay\"><\/div>\n\t\t\t\t\t\t\t<div class=\"elementor-container elementor-column-gap-wider\">\n\t\t\t\t\t<div class=\"elementor-column elementor-col-100 elementor-top-column elementor-element elementor-element-f7241c3\" data-id=\"f7241c3\" data-element_type=\"column\" data-e-type=\"column\" data-settings=\"{&quot;background_background&quot;:&quot;classic&quot;}\">\n\t\t\t<div class=\"elementor-widget-wrap elementor-element-populated\">\n\t\t\t\t\t\t<section class=\"elementor-section elementor-inner-section elementor-element elementor-element-1381fff elementor-section-boxed elementor-section-height-default elementor-section-height-default\" data-id=\"1381fff\" data-element_type=\"section\" data-e-type=\"section\">\n\t\t\t\t\t\t<div class=\"elementor-container elementor-column-gap-default\">\n\t\t\t\t\t<div class=\"elementor-column elementor-col-50 elementor-inner-column elementor-element elementor-element-808fd4c\" data-id=\"808fd4c\" data-element_type=\"column\" data-e-type=\"column\">\n\t\t\t<div class=\"elementor-widget-wrap elementor-element-populated\">\n\t\t\t\t\t\t<div class=\"elementor-element elementor-element-1bb7f51 elementor-widget elementor-widget-heading\" data-id=\"1bb7f51\" data-element_type=\"widget\" data-e-type=\"widget\" data-widget_type=\"heading.default\">\n\t\t\t\t<div class=\"elementor-widget-container\">\n\t\t\t\t\t<h1 class=\"elementor-heading-title elementor-size-default\">Verf\u00fcgbarkeit<\/h1>\t\t\t\t<\/div>\n\t\t\t\t<\/div>\n\t\t\t\t<div class=\"elementor-element elementor-element-04ea879 elementor-widget elementor-widget-text-editor\" data-id=\"04ea879\" data-element_type=\"widget\" data-e-type=\"widget\" data-widget_type=\"text-editor.default\">\n\t\t\t\t<div class=\"elementor-widget-container\">\n\t\t\t\t\t\t\t\t\t<p>\u00dcberpr\u00fcfen sie unseren Kalender, um freie Termine zu finden.<\/p>\t\t\t\t\t\t\t\t<\/div>\n\t\t\t\t<\/div>\n\t\t\t\t<div class=\"elementor-element elementor-element-b3f1707 elementor-widget elementor-widget-html\" data-id=\"b3f1707\" data-element_type=\"widget\" data-e-type=\"widget\" data-widget_type=\"html.default\">\n\t\t\t\t<div class=\"elementor-widget-container\">\n\t\t\t\t\t<iframe style=\"border: 0;\" src=\"https:\/\/calendar.google.com\/calendar\/embed?src=5obqb33hn2t70kvujs45lqeiko%40group.calendar.google.com&amp;ctz=Europe\/Amsterdam\" scrolling=\"no\" width=\"480\" height=\"600\" frameborder=\"0\"><\/iframe>\t\t\t\t<\/div>\n\t\t\t\t<\/div>\n\t\t\t\t\t<\/div>\n\t\t<\/div>\n\t\t\t\t<div class=\"elementor-column elementor-col-50 elementor-inner-column elementor-element elementor-element-99bdf09\" data-id=\"99bdf09\" data-element_type=\"column\" data-e-type=\"column\">\n\t\t\t<div class=\"elementor-widget-wrap elementor-element-populated\">\n\t\t\t\t\t\t<div class=\"elementor-element elementor-element-1621206 elementor-widget elementor-widget-text-editor\" data-id=\"1621206\" data-element_type=\"widget\" data-e-type=\"widget\" data-widget_type=\"text-editor.default\">\n\t\t\t\t<div class=\"elementor-widget-container\">\n\t\t\t\t\t\t\t\t\t<p>Bist du bereit f\u00fcr das gro\u00dfe Abenteuer? \n\u00dcberpr\u00fcfen sie unsere freien Termine im Kalender und planen sie sofort ihren individuellen Segelt\u00f6rn. Haben sie Fragen oder besondere W\u00fcnsche f\u00fcr ihre Reise? Dann nehmen sie \u00fcber das Kontaktformular Kontakt mit uns auf. Schicken sie uns eine Nachricht und wir werden sie so schnell wie m\u00f6glich beantworten.<\/p>\t\t\t\t\t\t\t\t<\/div>\n\t\t\t\t<\/div>\n\t\t\t\t<div class=\"elementor-element elementor-element-d39fdec elementor-widget elementor-widget-image\" data-id=\"d39fdec\" data-element_type=\"widget\" data-e-type=\"widget\" data-widget_type=\"image.default\">\n\t\t\t\t<div class=\"elementor-widget-container\">\n\t\t\t\t\t\t\t\t\t\t\t\t\t\t\t<img fetchpriority=\"high\" decoding=\"async\" width=\"768\" height=\"768\" src=\"https:\/\/zeilenenzeilen.nl\/wp-content\/uploads\/2020\/11\/IMG-20180721-WA0006-768x768.jpg\" class=\"attachment-medium_large size-medium_large wp-image-1069\" alt=\"\" srcset=\"https:\/\/zeilenenzeilen.nl\/wp-content\/uploads\/2020\/11\/IMG-20180721-WA0006-768x768.jpg 768w, https:\/\/zeilenenzeilen.nl\/wp-content\/uploads\/2020\/11\/IMG-20180721-WA0006-300x300.jpg 300w, https:\/\/zeilenenzeilen.nl\/wp-content\/uploads\/2020\/11\/IMG-20180721-WA0006-150x150.jpg 150w\" sizes=\"(max-width: 768px) 100vw, 768px\" \/>\t\t\t\t\t\t\t\t\t\t\t\t\t\t\t<\/div>\n\t\t\t\t<\/div>\n\t\t\t\t\t<\/div>\n\t\t<\/div>\n\t\t\t\t\t<\/div>\n\t\t<\/section>\n\t\t\t\t\t<\/div>\n\t\t<\/div>\n\t\t\t\t\t<\/div>\n\t\t<\/section>\n\t\t\t\t<\/div>","protected":false},"excerpt":{"rendered":"<p>Arrangementen Beschikbaarheid Bekijk op onderstaande kalender wanneer de Vliegende Hollander beschikbaar is. Bent u helemaal klaar voor het grote avontuur? Check dan de beschikbaarheid op de agenda en plan jouw zeilreis direct. Heeft u nog vragen of wilt u een reis op maat? Ga dan naar het\u00a0contactformulier\u00a0om ons direct een bericht te sturen, dan nemen [&hellip;]<\/p>\n","protected":false},"author":1,"featured_media":0,"parent":0,"menu_order":0,"comment_status":"closed","ping_status":"closed","template":"","meta":{"footnotes":""},"class_list":["post-276","page","type-page","status-publish","hentry"],"_links":{"self":[{"href":"https:\/\/zeilenenzeilen.nl\/de\/wp-json\/wp\/v2\/pages\/276","targetHints":{"allow":["GET"]}}],"collection":[{"href":"https:\/\/zeilenenzeilen.nl\/de\/wp-json\/wp\/v2\/pages"}],"about":[{"href":"https:\/\/zeilenenzeilen.nl\/de\/wp-json\/wp\/v2\/types\/page"}],"author":[{"embeddable":true,"href":"https:\/\/zeilenenzeilen.nl\/de\/wp-json\/wp\/v2\/users\/1"}],"replies":[{"embeddable":true,"href":"https:\/\/zeilenenzeilen.nl\/de\/wp-json\/wp\/v2\/comments?post=276"}],"version-history":[{"count":0,"href":"https:\/\/zeilenenzeilen.nl\/de\/wp-json\/wp\/v2\/pages\/276\/revisions"}],"wp:attachment":[{"href":"https:\/\/zeilenenzeilen.nl\/de\/wp-json\/wp\/v2\/media?parent=276"}],"curies":[{"name":"wp","href":"https:\/\/api.w.org\/{rel}","templated":true}]}}