{"id":811,"date":"2019-04-01T10:29:25","date_gmt":"2019-04-01T10:29:25","guid":{"rendered":"https:\/\/zeilenenzeilen.nlzeilenenzeilen.impression.nl\/?page_id=811"},"modified":"2025-12-15T11:01:26","modified_gmt":"2025-12-15T10:01:26","slug":"dagje-zeilen-2-2","status":"publish","type":"page","link":"https:\/\/zeilenenzeilen.nl\/de\/dagje-zeilen-2-2\/","title":{"rendered":"Wochenende Segeln"},"content":{"rendered":"<div data-elementor-type=\"wp-post\" data-elementor-id=\"811\" class=\"elementor elementor-811\" data-elementor-post-type=\"page\">\n\t\t\t\t\t\t<section class=\"elementor-section elementor-top-section elementor-element elementor-element-43dbc6f9 elementor-section-content-middle elementor-section-height-min-height elementor-section-items-top elementor-section-stretched elementor-section-boxed elementor-section-height-default\" data-id=\"43dbc6f9\" data-element_type=\"section\" data-e-type=\"section\" data-settings=\"{&quot;background_background&quot;:&quot;classic&quot;,&quot;stretch_section&quot;:&quot;section-stretched&quot;}\">\n\t\t\t\t\t\t<div class=\"elementor-container elementor-column-gap-wider\">\n\t\t\t\t\t<div class=\"elementor-column elementor-col-50 elementor-top-column elementor-element elementor-element-4d8d9de0\" data-id=\"4d8d9de0\" data-element_type=\"column\" data-e-type=\"column\">\n\t\t\t<div class=\"elementor-widget-wrap\">\n\t\t\t\t\t\t\t<\/div>\n\t\t<\/div>\n\t\t\t\t<div class=\"elementor-column elementor-col-50 elementor-top-column elementor-element elementor-element-6301d562\" data-id=\"6301d562\" data-element_type=\"column\" data-e-type=\"column\">\n\t\t\t<div class=\"elementor-widget-wrap elementor-element-populated\">\n\t\t\t\t\t\t<div class=\"elementor-element elementor-element-83c97d3 elementor-widget elementor-widget-heading\" data-id=\"83c97d3\" data-element_type=\"widget\" data-e-type=\"widget\" data-widget_type=\"heading.default\">\n\t\t\t\t<div class=\"elementor-widget-container\">\n\t\t\t\t\t<h2 class=\"elementor-heading-title elementor-size-default\">Angebote<\/h2>\t\t\t\t<\/div>\n\t\t\t\t<\/div>\n\t\t\t\t\t<\/div>\n\t\t<\/div>\n\t\t\t\t\t<\/div>\n\t\t<\/section>\n\t\t\t\t<section class=\"elementor-section elementor-top-section elementor-element elementor-element-4b564158 elementor-section-stretched elementor-section-content-middle arrangement elementor-section-boxed elementor-section-height-default elementor-section-height-default\" data-id=\"4b564158\" data-element_type=\"section\" data-e-type=\"section\" data-settings=\"{&quot;stretch_section&quot;:&quot;section-stretched&quot;,&quot;background_background&quot;:&quot;gradient&quot;}\">\n\t\t\t\t\t\t<div class=\"elementor-container elementor-column-gap-wider\">\n\t\t\t\t\t<div class=\"elementor-column elementor-col-100 elementor-top-column elementor-element elementor-element-5f5f191f\" data-id=\"5f5f191f\" data-element_type=\"column\" data-e-type=\"column\" data-settings=\"{&quot;background_background&quot;:&quot;classic&quot;}\">\n\t\t\t<div class=\"elementor-widget-wrap elementor-element-populated\">\n\t\t\t\t\t\t<section class=\"elementor-section elementor-inner-section elementor-element elementor-element-42f9fd08 elementor-section-boxed elementor-section-height-default elementor-section-height-default elementor-invisible\" data-id=\"42f9fd08\" data-element_type=\"section\" data-e-type=\"section\" data-settings=\"{&quot;animation&quot;:&quot;fadeInUp&quot;}\">\n\t\t\t\t\t\t<div class=\"elementor-container elementor-column-gap-default\">\n\t\t\t\t\t<div class=\"elementor-column elementor-col-50 elementor-inner-column elementor-element elementor-element-1d2f77f8\" data-id=\"1d2f77f8\" data-element_type=\"column\" data-e-type=\"column\">\n\t\t\t<div class=\"elementor-widget-wrap elementor-element-populated\">\n\t\t\t\t\t\t<div class=\"elementor-element elementor-element-4240bd02 elementor-widget elementor-widget-heading\" data-id=\"4240bd02\" data-element_type=\"widget\" data-e-type=\"widget\" data-widget_type=\"heading.default\">\n\t\t\t\t<div class=\"elementor-widget-container\">\n\t\t\t\t\t<h1 class=\"elementor-heading-title elementor-size-default\">Wochenendtouren<\/h1>\t\t\t\t<\/div>\n\t\t\t\t<\/div>\n\t\t\t\t<div class=\"elementor-element elementor-element-32e14a44 elementor-widget elementor-widget-heading\" data-id=\"32e14a44\" data-element_type=\"widget\" data-e-type=\"widget\" data-widget_type=\"heading.default\">\n\t\t\t\t<div class=\"elementor-widget-container\">\n\t\t\t\t\t<h2 class=\"elementor-heading-title elementor-size-default\">Ein flinkes Abenteuer!<\/h2>\t\t\t\t<\/div>\n\t\t\t\t<\/div>\n\t\t\t\t<div class=\"elementor-element elementor-element-6c854cf elementor-widget elementor-widget-text-editor\" data-id=\"6c854cf\" data-element_type=\"widget\" data-e-type=\"widget\" data-widget_type=\"text-editor.default\">\n\t\t\t\t<div class=\"elementor-widget-container\">\n\t\t\t\t\t\t\t\t\t<p>Bist du bereit f\u00fcr ein Abenteuer mit Freunden und \/ oder Familie? Das Zusammenleben auf offenem Wasser stimulierend den Verstand und das Denkverm\u00f6gen, was nach einer anstrengend Arbeitswoche sehr befreiend sein kann! Ein Wochenende auf einem Segelschiff ist mehr als nur drau\u00dfen sein und gemeinsam den Sonnenuntergang genie\u00dfen. Es ist eine gemeinsame Erfahrung die zusammen schwei\u00dft und ein wirklich einzigartiges Erlebnis. Garantiert eines das Geschichte schreibt!<\/p><p>Unter der Anleitung von Skipper und Matrose kann jeder das Schiff steuern und beim Setzen der Segel helfen. W\u00e4hrend des Segelns lernt man sich schnell und manchmal von einer ganz anderen Seite kennen. Eine gro\u00dfartige Gelegenheit, bestehende Freundschaften zu st\u00e4rken und neue zu kn\u00fcpfen.<\/p>\t\t\t\t\t\t\t\t<\/div>\n\t\t\t\t<\/div>\n\t\t\t\t\t<\/div>\n\t\t<\/div>\n\t\t\t\t<div class=\"elementor-column elementor-col-50 elementor-inner-column elementor-element elementor-element-753bb084\" data-id=\"753bb084\" data-element_type=\"column\" data-e-type=\"column\">\n\t\t\t<div class=\"elementor-widget-wrap elementor-element-populated\">\n\t\t\t\t\t\t<div class=\"elementor-element elementor-element-d784863 elementor-widget elementor-widget-image\" data-id=\"d784863\" data-element_type=\"widget\" data-e-type=\"widget\" data-widget_type=\"image.default\">\n\t\t\t\t<div class=\"elementor-widget-container\">\n\t\t\t\t\t\t\t\t\t\t\t\t\t\t\t<img fetchpriority=\"high\" decoding=\"async\" width=\"2048\" height=\"1536\" src=\"https:\/\/zeilenenzeilen.nl\/wp-content\/uploads\/2019\/04\/20190708-P7080629-scaled.jpg\" class=\"attachment-full size-full wp-image-983\" alt=\"weekend zeilen\" srcset=\"https:\/\/zeilenenzeilen.nl\/wp-content\/uploads\/2019\/04\/20190708-P7080629-scaled.jpg 2048w, https:\/\/zeilenenzeilen.nl\/wp-content\/uploads\/2019\/04\/20190708-P7080629-1536x1152.jpg 1536w\" sizes=\"(max-width: 2048px) 100vw, 2048px\" \/>\t\t\t\t\t\t\t\t\t\t\t\t\t\t\t<\/div>\n\t\t\t\t<\/div>\n\t\t\t\t\t<\/div>\n\t\t<\/div>\n\t\t\t\t\t<\/div>\n\t\t<\/section>\n\t\t\t\t\t<\/div>\n\t\t<\/div>\n\t\t\t\t\t<\/div>\n\t\t<\/section>\n\t\t\t\t<section class=\"elementor-section elementor-top-section elementor-element elementor-element-3e893103 elementor-section-content-middle elementor-section-stretched elementor-section-boxed elementor-section-height-default elementor-section-height-default\" data-id=\"3e893103\" data-element_type=\"section\" data-e-type=\"section\" data-settings=\"{&quot;background_background&quot;:&quot;gradient&quot;,&quot;stretch_section&quot;:&quot;section-stretched&quot;}\">\n\t\t\t\t\t\t<div class=\"elementor-container elementor-column-gap-wider\">\n\t\t\t\t\t<div class=\"elementor-column elementor-col-100 elementor-top-column elementor-element elementor-element-1cc4ab5f\" data-id=\"1cc4ab5f\" data-element_type=\"column\" data-e-type=\"column\">\n\t\t\t<div class=\"elementor-widget-wrap elementor-element-populated\">\n\t\t\t\t\t\t<section class=\"elementor-section elementor-inner-section elementor-element elementor-element-687ddcca elementor-section-full_width elementor-section-content-middle elementor-section-height-default elementor-section-height-default\" data-id=\"687ddcca\" data-element_type=\"section\" data-e-type=\"section\">\n\t\t\t\t\t\t<div class=\"elementor-container elementor-column-gap-default\">\n\t\t\t\t\t<div class=\"elementor-column elementor-col-100 elementor-inner-column elementor-element elementor-element-2461f9d3\" data-id=\"2461f9d3\" data-element_type=\"column\" data-e-type=\"column\">\n\t\t\t<div class=\"elementor-widget-wrap elementor-element-populated\">\n\t\t\t\t\t\t<div class=\"elementor-element elementor-element-48a8c4c3 elementor-widget elementor-widget-heading\" data-id=\"48a8c4c3\" data-element_type=\"widget\" data-e-type=\"widget\" data-widget_type=\"heading.default\">\n\t\t\t\t<div class=\"elementor-widget-container\">\n\t\t\t\t\t<h2 class=\"elementor-heading-title elementor-size-default\">Preise<\/h2>\t\t\t\t<\/div>\n\t\t\t\t<\/div>\n\t\t\t\t<div class=\"elementor-element elementor-element-7e6bc0cd elementor-widget elementor-widget-text-editor\" data-id=\"7e6bc0cd\" data-element_type=\"widget\" data-e-type=\"widget\" data-widget_type=\"text-editor.default\">\n\t\t\t\t<div class=\"elementor-widget-container\">\n\t\t\t\t\t\t\t\t\t<p><strong>Segelgebiet:<\/strong>\u00a0: IJsselmeer, Waddenzee und die Friesischen Gew\u00e4sser<\/p><p><strong>Abfahrtshafen:<\/strong>\u00a0Zu Beginn und Ende der Saison ist die Abfahrt von verschiedenen H\u00e4fen m\u00f6glich, w\u00e4hrend der Hauptsaison ist normalerweise Lemmer unser Heimathafen.<\/p><p><strong>Anzahl der Passagiere:<\/strong><em>\u00a0<\/em>max. 34 personen<\/p>\t\t\t\t\t\t\t\t<\/div>\n\t\t\t\t<\/div>\n\t\t\t\t\t<\/div>\n\t\t<\/div>\n\t\t\t\t\t<\/div>\n\t\t<\/section>\n\t\t\t\t<section class=\"elementor-section elementor-inner-section elementor-element elementor-element-331e3e66 elementor-section-boxed elementor-section-height-default elementor-section-height-default\" data-id=\"331e3e66\" data-element_type=\"section\" data-e-type=\"section\" data-settings=\"{&quot;background_background&quot;:&quot;classic&quot;}\">\n\t\t\t\t\t\t<div class=\"elementor-container elementor-column-gap-default\">\n\t\t\t\t\t<div class=\"elementor-column elementor-col-50 elementor-inner-column elementor-element elementor-element-6c8b3853\" data-id=\"6c8b3853\" data-element_type=\"column\" data-e-type=\"column\">\n\t\t\t<div class=\"elementor-widget-wrap elementor-element-populated\">\n\t\t\t\t\t\t<div class=\"elementor-element elementor-element-516ac904 elementor-widget elementor-widget-heading\" data-id=\"516ac904\" data-element_type=\"widget\" data-e-type=\"widget\" data-widget_type=\"heading.default\">\n\t\t\t\t<div class=\"elementor-widget-container\">\n\t\t\t\t\t<h2 class=\"elementor-heading-title elementor-size-default\">Weekend zeilen  2026<\/h2>\t\t\t\t<\/div>\n\t\t\t\t<\/div>\n\t\t\t\t<div class=\"elementor-element elementor-element-3f776b5 elementor-widget elementor-widget-text-editor\" data-id=\"3f776b5\" data-element_type=\"widget\" data-e-type=\"widget\" data-widget_type=\"text-editor.default\">\n\t\t\t\t<div class=\"elementor-widget-container\">\n\t\t\t\t\t\t\t\t\t<p><strong>\u00a0<\/strong>Wochenendtour Freitag von 20.00 bis Sonntag 16.00 Uhr<\/p><p>Laagseizoenprijs*: \u20ac 4600,-<br \/>Hoogseizoensprijs*: \u20ac 5110,-<\/p><p><strong>Verl\u00e4ngertes Wochenende<\/strong> Freitag von 13.00 bis Sonntag 16.00 Uhr<br \/>Laagseizoenprijs*: \u20ac 5330,-<br \/>Hoogseizoensprijs*: \u20ac 5920,-<\/p>\t\t\t\t\t\t\t\t<\/div>\n\t\t\t\t<\/div>\n\t\t\t\t<div class=\"elementor-element elementor-element-e26c114 elementor-widget elementor-widget-text-editor\" data-id=\"e26c114\" data-element_type=\"widget\" data-e-type=\"widget\" data-widget_type=\"text-editor.default\">\n\t\t\t\t<div class=\"elementor-widget-container\">\n\t\t\t\t\t\t\t\t\t<p><b>Zus\u00e4tzliche Kosten:<\/b><\/p><p>Endreinigung: \u20ac 180,-<br \/>Hafengeb\u00fchren: inbegriffen<br \/>Kraftstoffkosten: inbegriffen **<\/p><p class=\"p1\"><span class=\"s1\">Wenn Sie ein Ziel erreichen m\u00f6chten, f\u00fcr das zus\u00e4tzliche Arbeitsstunden erforderlich sind, k\u00f6nnen zus\u00e4tzliche Kosten (\u20ac50 pro Stunde) berechnet werden. Der Skipper wird die alternativen M\u00f6glichkeiten im voraus mit ihnen besprechen, sodass sie wahlweise ihr Ziel anpassen k\u00f6nnen.<\/span><\/p>\t\t\t\t\t\t\t\t<\/div>\n\t\t\t\t<\/div>\n\t\t\t\t<div class=\"elementor-element elementor-element-f32fbb6 elementor-widget elementor-widget-text-editor\" data-id=\"f32fbb6\" data-element_type=\"widget\" data-e-type=\"widget\" data-widget_type=\"text-editor.default\">\n\t\t\t\t<div class=\"elementor-widget-container\">\n\t\t\t\t\t\t\t\t\t<p><b>Zus\u00e4tzliche Leistungen (optional)<\/b><\/p><p>Voorovernachting (vanaf 20:00 uur): \u20ac 770,-<br \/>Extra dag (24 uur extra): \u20ac 1580,-<br \/>Bettw\u00e4sche (Komfortpaket): \u20ac 16, -<br \/>Beddengoed + handdoeken (Comfort-plus pakket): \u20ac32,-<br \/>Catering: auf Anfrage (<a href=\"https:\/\/zeilenenzeilen.nl\/de\/catering\/\">Catering-Liste<\/a>)<\/p>\t\t\t\t\t\t\t\t<\/div>\n\t\t\t\t<\/div>\n\t\t\t\t\t<\/div>\n\t\t<\/div>\n\t\t\t\t<div class=\"elementor-column elementor-col-50 elementor-inner-column elementor-element elementor-element-6ff7966d\" data-id=\"6ff7966d\" data-element_type=\"column\" data-e-type=\"column\">\n\t\t\t<div class=\"elementor-widget-wrap elementor-element-populated\">\n\t\t\t\t\t\t<div class=\"elementor-element elementor-element-adf47fb elementor-widget elementor-widget-image\" data-id=\"adf47fb\" data-element_type=\"widget\" data-e-type=\"widget\" data-widget_type=\"image.default\">\n\t\t\t\t<div class=\"elementor-widget-container\">\n\t\t\t\t\t\t\t\t\t\t\t\t\t\t\t<img decoding=\"async\" width=\"800\" height=\"625\" src=\"https:\/\/zeilenenzeilen.nl\/wp-content\/uploads\/2020\/11\/IMG-20180721-WA0006-1024x800.jpg\" class=\"attachment-large size-large wp-image-1069\" alt=\"\" srcset=\"https:\/\/zeilenenzeilen.nl\/wp-content\/uploads\/2020\/11\/IMG-20180721-WA0006-1024x800.jpg 1024w, https:\/\/zeilenenzeilen.nl\/wp-content\/uploads\/2020\/11\/IMG-20180721-WA0006-16x12.jpg 16w\" sizes=\"(max-width: 800px) 100vw, 800px\" \/>\t\t\t\t\t\t\t\t\t\t\t\t\t\t\t<\/div>\n\t\t\t\t<\/div>\n\t\t\t\t\t<\/div>\n\t\t<\/div>\n\t\t\t\t\t<\/div>\n\t\t<\/section>\n\t\t\t\t\t<\/div>\n\t\t<\/div>\n\t\t\t\t\t<\/div>\n\t\t<\/section>\n\t\t\t\t<\/div>","protected":false},"excerpt":{"rendered":"<p>Arrangementen Weekend arrangementen Een weekend zeilen: proef het avontuur! Ben je ook even helemaal toe aan een avontuur met vrienden en\/of familie? Met z&#8217;n allen op het open water heeft een stimulerend effect op het brein en denkvermogen, heerlijk om na een werkweek te doen dus! Een weekend zeilen is meer dan lekker buiten zijn [&hellip;]<\/p>\n","protected":false},"author":1,"featured_media":0,"parent":0,"menu_order":0,"comment_status":"closed","ping_status":"closed","template":"","meta":{"footnotes":""},"class_list":["post-811","page","type-page","status-publish","hentry"],"_links":{"self":[{"href":"https:\/\/zeilenenzeilen.nl\/de\/wp-json\/wp\/v2\/pages\/811","targetHints":{"allow":["GET"]}}],"collection":[{"href":"https:\/\/zeilenenzeilen.nl\/de\/wp-json\/wp\/v2\/pages"}],"about":[{"href":"https:\/\/zeilenenzeilen.nl\/de\/wp-json\/wp\/v2\/types\/page"}],"author":[{"embeddable":true,"href":"https:\/\/zeilenenzeilen.nl\/de\/wp-json\/wp\/v2\/users\/1"}],"replies":[{"embeddable":true,"href":"https:\/\/zeilenenzeilen.nl\/de\/wp-json\/wp\/v2\/comments?post=811"}],"version-history":[{"count":9,"href":"https:\/\/zeilenenzeilen.nl\/de\/wp-json\/wp\/v2\/pages\/811\/revisions"}],"predecessor-version":[{"id":4494,"href":"https:\/\/zeilenenzeilen.nl\/de\/wp-json\/wp\/v2\/pages\/811\/revisions\/4494"}],"wp:attachment":[{"href":"https:\/\/zeilenenzeilen.nl\/de\/wp-json\/wp\/v2\/media?parent=811"}],"curies":[{"name":"wp","href":"https:\/\/api.w.org\/{rel}","templated":true}]}}