{"id":814,"date":"2019-04-01T10:30:43","date_gmt":"2019-04-01T08:30:43","guid":{"rendered":"https:\/\/zeilenenzeilen.nlzeilenenzeilen.impression.nl\/?page_id=814"},"modified":"2025-12-15T11:01:03","modified_gmt":"2025-12-15T10:01:03","slug":"dagje-zeilen-2","status":"publish","type":"page","link":"https:\/\/zeilenenzeilen.nl\/de\/dagje-zeilen-2\/","title":{"rendered":"Segelurlaub"},"content":{"rendered":"<div data-elementor-type=\"wp-post\" data-elementor-id=\"814\" class=\"elementor elementor-814\" data-elementor-post-type=\"page\">\n\t\t\t\t\t\t<section class=\"elementor-section elementor-top-section elementor-element elementor-element-16c4e191 elementor-section-content-middle elementor-section-height-min-height elementor-section-items-top elementor-section-stretched elementor-section-boxed elementor-section-height-default\" data-id=\"16c4e191\" data-element_type=\"section\" data-e-type=\"section\" data-settings=\"{&quot;background_background&quot;:&quot;classic&quot;,&quot;stretch_section&quot;:&quot;section-stretched&quot;}\">\n\t\t\t\t\t\t<div class=\"elementor-container elementor-column-gap-wider\">\n\t\t\t\t\t<div class=\"elementor-column elementor-col-50 elementor-top-column elementor-element elementor-element-5a0df9dc\" data-id=\"5a0df9dc\" data-element_type=\"column\" data-e-type=\"column\">\n\t\t\t<div class=\"elementor-widget-wrap\">\n\t\t\t\t\t\t\t<\/div>\n\t\t<\/div>\n\t\t\t\t<div class=\"elementor-column elementor-col-50 elementor-top-column elementor-element elementor-element-2f2f563\" data-id=\"2f2f563\" data-element_type=\"column\" data-e-type=\"column\">\n\t\t\t<div class=\"elementor-widget-wrap elementor-element-populated\">\n\t\t\t\t\t\t<div class=\"elementor-element elementor-element-aefd921 elementor-widget elementor-widget-heading\" data-id=\"aefd921\" data-element_type=\"widget\" data-e-type=\"widget\" data-widget_type=\"heading.default\">\n\t\t\t\t<div class=\"elementor-widget-container\">\n\t\t\t\t\t<h2 class=\"elementor-heading-title elementor-size-default\">Angebote<\/h2>\t\t\t\t<\/div>\n\t\t\t\t<\/div>\n\t\t\t\t\t<\/div>\n\t\t<\/div>\n\t\t\t\t\t<\/div>\n\t\t<\/section>\n\t\t\t\t<section class=\"elementor-section elementor-top-section elementor-element elementor-element-469a7d7d elementor-section-stretched elementor-section-content-middle arrangement elementor-section-boxed elementor-section-height-default elementor-section-height-default\" data-id=\"469a7d7d\" data-element_type=\"section\" data-e-type=\"section\" data-settings=\"{&quot;stretch_section&quot;:&quot;section-stretched&quot;,&quot;background_background&quot;:&quot;gradient&quot;}\">\n\t\t\t\t\t\t<div class=\"elementor-container elementor-column-gap-wider\">\n\t\t\t\t\t<div class=\"elementor-column elementor-col-100 elementor-top-column elementor-element elementor-element-3bb71335\" data-id=\"3bb71335\" data-element_type=\"column\" data-e-type=\"column\" data-settings=\"{&quot;background_background&quot;:&quot;classic&quot;}\">\n\t\t\t<div class=\"elementor-widget-wrap elementor-element-populated\">\n\t\t\t\t\t\t<section class=\"elementor-section elementor-inner-section elementor-element elementor-element-71b3742f elementor-section-boxed elementor-section-height-default elementor-section-height-default elementor-invisible\" data-id=\"71b3742f\" data-element_type=\"section\" data-e-type=\"section\" data-settings=\"{&quot;animation&quot;:&quot;fadeInUp&quot;}\">\n\t\t\t\t\t\t<div class=\"elementor-container elementor-column-gap-default\">\n\t\t\t\t\t<div class=\"elementor-column elementor-col-50 elementor-inner-column elementor-element elementor-element-1c80b3db\" data-id=\"1c80b3db\" data-element_type=\"column\" data-e-type=\"column\">\n\t\t\t<div class=\"elementor-widget-wrap elementor-element-populated\">\n\t\t\t\t\t\t<div class=\"elementor-element elementor-element-2bd9c3a1 elementor-widget elementor-widget-heading\" data-id=\"2bd9c3a1\" data-element_type=\"widget\" data-e-type=\"widget\" data-widget_type=\"heading.default\">\n\t\t\t\t<div class=\"elementor-widget-container\">\n\t\t\t\t\t<h1 class=\"elementor-heading-title elementor-size-default\">Mehrt\u00e4gige Touren<\/h1>\t\t\t\t<\/div>\n\t\t\t\t<\/div>\n\t\t\t\t<div class=\"elementor-element elementor-element-4a27e44b elementor-widget elementor-widget-heading\" data-id=\"4a27e44b\" data-element_type=\"widget\" data-e-type=\"widget\" data-widget_type=\"heading.default\">\n\t\t\t\t<div class=\"elementor-widget-container\">\n\t\t\t\t\t<h2 class=\"elementor-heading-title elementor-size-default\">Segelurlaub: zu den sch\u00f6nsten Orten<\/h2>\t\t\t\t<\/div>\n\t\t\t\t<\/div>\n\t\t\t\t<div class=\"elementor-element elementor-element-3f801b41 elementor-widget elementor-widget-text-editor\" data-id=\"3f801b41\" data-element_type=\"widget\" data-e-type=\"widget\" data-widget_type=\"text-editor.default\">\n\t\t\t\t<div class=\"elementor-widget-container\">\n\t\t\t\t\t\t\t\t\t<p class=\"translation-block\">Entscheiden sie sich f\u00fcr unendliche Weiten.\nEs ist ein einzigartiges Erlebnis, mit der Familie oder mit einer Gruppe von Freunden auf offener See zu sein. Zusammen auf einem gro\u00dfen Schiff zu segeln verbindet; die perfekte Gelegenheit, um Freundschaften zu st\u00e4rken und neue Kontakte zu kn\u00fcpfen. Bei einem Aufenthalt von f\u00fcnf, sieben oder mehr Tagen an Bord des Vliegenden Hollanders arbeiten sie zusammen mit dem Skipper an dem besten Kurs und ihrer individuellen Route. Durch das Wattenmeer kreuzen, trocken fallen, den Ankern werfen und alte Hafenst\u00e4dte besuchen. <br>Nach einem erlebnisreichen Tag intensiven Segelns auf dem Wattenmeer oder IJsselmeer ist es eine beeindruckende Erfahrung, gemeinsam einen Sonnenuntergang an Bord eines traditionellen Segelschiffs zu erleben, das auf einer Sandbank inmitten der Waddenzee liegt. Und abends k\u00f6nnen sie sich beim Spazieren durch einer der romantischen Hafenst\u00e4dte wie <a href=\"https:\/\/zeilenenzeilen.nlwww.visitenkhuizen.nl\/\" target=\"_self\" rel=\"noopener\">Enkhuizen<\/a>, Lemmer, Hoorn oder auf den Watteninseln wie Vlieland, Texel oder <a href=\"https:\/\/zeilenenzeilen.nlwww.vvvterschelling.nl\/\" target=\"_self\" rel=\"noopener\">Terschelling<\/a> entspannen. Ein Segelurlaub nie vergessen.<\/p>\t\t\t\t\t\t\t\t<\/div>\n\t\t\t\t<\/div>\n\t\t\t\t\t<\/div>\n\t\t<\/div>\n\t\t\t\t<div class=\"elementor-column elementor-col-50 elementor-inner-column elementor-element elementor-element-1a5d7ea6\" data-id=\"1a5d7ea6\" data-element_type=\"column\" data-e-type=\"column\">\n\t\t\t<div class=\"elementor-widget-wrap elementor-element-populated\">\n\t\t\t\t\t\t<div class=\"elementor-element elementor-element-cfea82c elementor-widget elementor-widget-image\" data-id=\"cfea82c\" data-element_type=\"widget\" data-e-type=\"widget\" data-widget_type=\"image.default\">\n\t\t\t\t<div class=\"elementor-widget-container\">\n\t\t\t\t\t\t\t\t\t\t\t\t\t\t\t<img fetchpriority=\"high\" decoding=\"async\" width=\"800\" height=\"800\" src=\"https:\/\/zeilenenzeilen.nl\/wp-content\/uploads\/2020\/11\/IMG-20201117-WA0018-1024x1024.jpg\" class=\"attachment-large size-large wp-image-1036\" alt=\"zeilvakantie\" srcset=\"https:\/\/zeilenenzeilen.nl\/wp-content\/uploads\/2020\/11\/IMG-20201117-WA0018-1024x1024.jpg 1024w, https:\/\/zeilenenzeilen.nl\/wp-content\/uploads\/2020\/11\/IMG-20201117-WA0018-300x300.jpg 300w, https:\/\/zeilenenzeilen.nl\/wp-content\/uploads\/2020\/11\/IMG-20201117-WA0018-150x150.jpg 150w, https:\/\/zeilenenzeilen.nl\/wp-content\/uploads\/2020\/11\/IMG-20201117-WA0018-768x768.jpg 768w, https:\/\/zeilenenzeilen.nl\/wp-content\/uploads\/2020\/11\/IMG-20201117-WA0018-12x12.jpg 12w, https:\/\/zeilenenzeilen.nl\/wp-content\/uploads\/2020\/11\/IMG-20201117-WA0018.jpg 1522w\" sizes=\"(max-width: 800px) 100vw, 800px\" \/>\t\t\t\t\t\t\t\t\t\t\t\t\t\t\t<\/div>\n\t\t\t\t<\/div>\n\t\t\t\t\t<\/div>\n\t\t<\/div>\n\t\t\t\t\t<\/div>\n\t\t<\/section>\n\t\t\t\t\t<\/div>\n\t\t<\/div>\n\t\t\t\t\t<\/div>\n\t\t<\/section>\n\t\t\t\t<section class=\"elementor-section elementor-top-section elementor-element elementor-element-f6fa1a elementor-section-content-middle elementor-section-stretched elementor-section-boxed elementor-section-height-default elementor-section-height-default\" data-id=\"f6fa1a\" data-element_type=\"section\" data-e-type=\"section\" data-settings=\"{&quot;background_background&quot;:&quot;gradient&quot;,&quot;stretch_section&quot;:&quot;section-stretched&quot;}\">\n\t\t\t\t\t\t<div class=\"elementor-container elementor-column-gap-wider\">\n\t\t\t\t\t<div class=\"elementor-column elementor-col-100 elementor-top-column elementor-element elementor-element-16721800\" data-id=\"16721800\" data-element_type=\"column\" data-e-type=\"column\">\n\t\t\t<div class=\"elementor-widget-wrap elementor-element-populated\">\n\t\t\t\t\t\t<section class=\"elementor-section elementor-inner-section elementor-element elementor-element-1f8ade51 elementor-section-full_width elementor-section-content-middle elementor-section-height-default elementor-section-height-default\" data-id=\"1f8ade51\" data-element_type=\"section\" data-e-type=\"section\">\n\t\t\t\t\t\t<div class=\"elementor-container elementor-column-gap-default\">\n\t\t\t\t\t<div class=\"elementor-column elementor-col-100 elementor-inner-column elementor-element elementor-element-3424b8c6\" data-id=\"3424b8c6\" data-element_type=\"column\" data-e-type=\"column\">\n\t\t\t<div class=\"elementor-widget-wrap elementor-element-populated\">\n\t\t\t\t\t\t<div class=\"elementor-element elementor-element-1971f9d8 elementor-widget elementor-widget-heading\" data-id=\"1971f9d8\" data-element_type=\"widget\" data-e-type=\"widget\" data-widget_type=\"heading.default\">\n\t\t\t\t<div class=\"elementor-widget-container\">\n\t\t\t\t\t<h2 class=\"elementor-heading-title elementor-size-default\">Preise<\/h2>\t\t\t\t<\/div>\n\t\t\t\t<\/div>\n\t\t\t\t<div class=\"elementor-element elementor-element-30b4a4f elementor-widget elementor-widget-text-editor\" data-id=\"30b4a4f\" data-element_type=\"widget\" data-e-type=\"widget\" data-widget_type=\"text-editor.default\">\n\t\t\t\t<div class=\"elementor-widget-container\">\n\t\t\t\t\t\t\t\t\t<p><strong>Segelgebiet:<\/strong>\u00a0: IJsselmeer, Waddenzee und die Friesischen Gew\u00e4sser<\/p><p><strong>Abfahrtshafen:<\/strong>\u00a0Zu Beginn und Ende der Saison ist die Abfahrt von verschiedenen H\u00e4fen m\u00f6glich, w\u00e4hrend der Hauptsaison ist normalerweise Lemmer unser Heimathafen.<\/p><p><strong>Anzahl der Passagiere:\u00a0<\/strong><em>\u00a0<\/em>max. 34 personen<\/p>\t\t\t\t\t\t\t\t<\/div>\n\t\t\t\t<\/div>\n\t\t\t\t\t<\/div>\n\t\t<\/div>\n\t\t\t\t\t<\/div>\n\t\t<\/section>\n\t\t\t\t<section class=\"elementor-section elementor-inner-section elementor-element elementor-element-1a274fa4 elementor-section-boxed elementor-section-height-default elementor-section-height-default\" data-id=\"1a274fa4\" data-element_type=\"section\" data-e-type=\"section\" data-settings=\"{&quot;background_background&quot;:&quot;classic&quot;}\">\n\t\t\t\t\t\t<div class=\"elementor-container elementor-column-gap-default\">\n\t\t\t\t\t<div class=\"elementor-column elementor-col-50 elementor-inner-column elementor-element elementor-element-592120ca\" data-id=\"592120ca\" data-element_type=\"column\" data-e-type=\"column\">\n\t\t\t<div class=\"elementor-widget-wrap elementor-element-populated\">\n\t\t\t\t\t\t<div class=\"elementor-element elementor-element-7ef06317 elementor-widget elementor-widget-heading\" data-id=\"7ef06317\" data-element_type=\"widget\" data-e-type=\"widget\" data-widget_type=\"heading.default\">\n\t\t\t\t<div class=\"elementor-widget-container\">\n\t\t\t\t\t<h2 class=\"elementor-heading-title elementor-size-default\">Tarieven 2026<\/h2>\t\t\t\t<\/div>\n\t\t\t\t<\/div>\n\t\t\t\t<div class=\"elementor-element elementor-element-23bd1f6c elementor-widget elementor-widget-text-editor\" data-id=\"23bd1f6c\" data-element_type=\"widget\" data-e-type=\"widget\" data-widget_type=\"text-editor.default\">\n\t\t\t\t<div class=\"elementor-widget-container\">\n\t\t\t\t\t\t\t\t\t<p><strong>Schulwoche\/Kurzwoche <\/strong>Montag 10.00 Uhr bis Freitag 15.00 Uhr<br \/><em>oder<\/em> <strong>Schulwoche\/Kurzwoche <\/strong>Sonntag 20.00 Uhr bis Freitag 8.30 Uhr<br \/>Laagseizoenprijs*: \u20ac 6840,-<br \/>Hoogseizoensprijs*: \u20ac 7600,-<\/p><p><strong>Woche<\/strong> Samstag 10.00 Uhr bis Freitag 15.00 Uhr<br \/><em>oder<\/em> <strong>Woche<\/strong> Montag 10.00 Uhr bis Sonntag 15.00 Uhr<br \/>Laagseizoenprijs*: \u20ac 9290,-<br \/>Hoogseizoensprijs*: \u20ac 10210,-<\/p>\t\t\t\t\t\t\t\t<\/div>\n\t\t\t\t<\/div>\n\t\t\t\t<div class=\"elementor-element elementor-element-5a88d27 elementor-widget elementor-widget-text-editor\" data-id=\"5a88d27\" data-element_type=\"widget\" data-e-type=\"widget\" data-widget_type=\"text-editor.default\">\n\t\t\t\t<div class=\"elementor-widget-container\">\n\t\t\t\t\t\t\t\t\t<p><b>Zus\u00e4tzliche Kosten:<\/b><\/p><p>Endreinigung: \u20ac 180,-<br \/>Hafengeb\u00fchren: inbegriffen<br \/>Kraftstoffkosten: inbegriffen **<\/p><p class=\"p1\"><span class=\"s1\">Wenn Sie ein Ziel erreichen m\u00f6chten, f\u00fcr das zus\u00e4tzliche Arbeitsstunden erforderlich sind, k\u00f6nnen zus\u00e4tzliche Kosten (\u20ac50 pro Stunde) berechnet werden. Der Skipper wird die alternativen M\u00f6glichkeiten im voraus mit ihnen besprechen, sodass sie wahlweise ihr Ziel anpassen k\u00f6nnen.<\/span><\/p>\t\t\t\t\t\t\t\t<\/div>\n\t\t\t\t<\/div>\n\t\t\t\t<div class=\"elementor-element elementor-element-c6fb116 elementor-widget elementor-widget-text-editor\" data-id=\"c6fb116\" data-element_type=\"widget\" data-e-type=\"widget\" data-widget_type=\"text-editor.default\">\n\t\t\t\t<div class=\"elementor-widget-container\">\n\t\t\t\t\t\t\t\t\t<p><b>Zus\u00e4tzliche Leistungen (optional)<\/b><\/p>\n<p>Voorovernachting (vanaf 20:00 uur): \u20ac 770,-<br>Extra dag (24 uur extra): \u20ac 1580,-<br>Bettw\u00e4sche (Komfortpaket): \u20ac 16, -<br>Beddengoed + handdoeken (Comfort-plus pakket): \u20ac32,-<br>Catering: auf Anfrage (<a href=\"https:\/\/zeilenenzeilen.nl\/de\/catering\/\">Catering-Liste<\/a>)<\/p>\t\t\t\t\t\t\t\t<\/div>\n\t\t\t\t<\/div>\n\t\t\t\t\t<\/div>\n\t\t<\/div>\n\t\t\t\t<div class=\"elementor-column elementor-col-50 elementor-inner-column elementor-element elementor-element-18ed78b\" data-id=\"18ed78b\" data-element_type=\"column\" data-e-type=\"column\">\n\t\t\t<div class=\"elementor-widget-wrap elementor-element-populated\">\n\t\t\t\t\t\t<div class=\"elementor-element elementor-element-779108cc elementor-widget elementor-widget-image\" data-id=\"779108cc\" data-element_type=\"widget\" data-e-type=\"widget\" data-widget_type=\"image.default\">\n\t\t\t\t<div class=\"elementor-widget-container\">\n\t\t\t\t\t\t\t\t\t\t\t\t\t\t\t<img decoding=\"async\" width=\"800\" height=\"800\" src=\"https:\/\/zeilenenzeilen.nl\/wp-content\/uploads\/2020\/11\/20200802_210027-1024x1024.jpg\" class=\"attachment-large size-large wp-image-1049\" alt=\"\" srcset=\"https:\/\/zeilenenzeilen.nl\/wp-content\/uploads\/2020\/11\/20200802_210027-1024x1024.jpg 1024w, https:\/\/zeilenenzeilen.nl\/wp-content\/uploads\/2020\/11\/20200802_210027-300x300.jpg 300w, https:\/\/zeilenenzeilen.nl\/wp-content\/uploads\/2020\/11\/20200802_210027-150x150.jpg 150w, https:\/\/zeilenenzeilen.nl\/wp-content\/uploads\/2020\/11\/20200802_210027-768x768.jpg 768w\" sizes=\"(max-width: 800px) 100vw, 800px\" \/>\t\t\t\t\t\t\t\t\t\t\t\t\t\t\t<\/div>\n\t\t\t\t<\/div>\n\t\t\t\t\t<\/div>\n\t\t<\/div>\n\t\t\t\t\t<\/div>\n\t\t<\/section>\n\t\t\t\t\t<\/div>\n\t\t<\/div>\n\t\t\t\t\t<\/div>\n\t\t<\/section>\n\t\t\t\t<\/div>","protected":false},"excerpt":{"rendered":"<p>Arrangementen Meerdaagse arrangementen Zeilvakantie: naar de meest geliefde plekjes Het is een belevenis om in familieverband of samen met een groep vrienden het ruime sop te kiezen. Een zeilvakantie op een groot schip geeft veel voldoening; een ideale manier om\u00a0 vriendschapsbanden te versterken en nieuwe contacten te leggen. Met een verblijf van vijf, zeven of [&hellip;]<\/p>\n","protected":false},"author":1,"featured_media":0,"parent":0,"menu_order":0,"comment_status":"closed","ping_status":"closed","template":"","meta":{"footnotes":""},"class_list":["post-814","page","type-page","status-publish","hentry"],"_links":{"self":[{"href":"https:\/\/zeilenenzeilen.nl\/de\/wp-json\/wp\/v2\/pages\/814","targetHints":{"allow":["GET"]}}],"collection":[{"href":"https:\/\/zeilenenzeilen.nl\/de\/wp-json\/wp\/v2\/pages"}],"about":[{"href":"https:\/\/zeilenenzeilen.nl\/de\/wp-json\/wp\/v2\/types\/page"}],"author":[{"embeddable":true,"href":"https:\/\/zeilenenzeilen.nl\/de\/wp-json\/wp\/v2\/users\/1"}],"replies":[{"embeddable":true,"href":"https:\/\/zeilenenzeilen.nl\/de\/wp-json\/wp\/v2\/comments?post=814"}],"version-history":[{"count":6,"href":"https:\/\/zeilenenzeilen.nl\/de\/wp-json\/wp\/v2\/pages\/814\/revisions"}],"predecessor-version":[{"id":4491,"href":"https:\/\/zeilenenzeilen.nl\/de\/wp-json\/wp\/v2\/pages\/814\/revisions\/4491"}],"wp:attachment":[{"href":"https:\/\/zeilenenzeilen.nl\/de\/wp-json\/wp\/v2\/media?parent=814"}],"curies":[{"name":"wp","href":"https:\/\/api.w.org\/{rel}","templated":true}]}}